{"id":1618,"date":"2024-06-24T16:47:00","date_gmt":"2024-06-24T16:47:00","guid":{"rendered":"https:\/\/gestionesdika.es\/mi-cuenta\/"},"modified":"2024-06-24T16:47:00","modified_gmt":"2024-06-24T16:47:00","slug":"mi-cuenta","status":"publish","type":"page","link":"https:\/\/gestionesdika.es\/en\/mi-cuenta\/","title":{"rendered":"Mi cuenta"},"content":{"rendered":"<div class=\"woocommerce\"><\/div>","protected":false},"excerpt":{"rendered":"","protected":false},"author":1,"featured_media":0,"parent":0,"menu_order":0,"comment_status":"closed","ping_status":"closed","template":"","meta":{"_bbp_topic_count":0,"_bbp_reply_count":0,"_bbp_total_topic_count":0,"_bbp_total_reply_count":0,"_bbp_voice_count":0,"_bbp_anonymous_reply_count":0,"_bbp_topic_count_hidden":0,"_bbp_reply_count_hidden":0,"_bbp_forum_subforum_count":0,"rank_math_lock_modified_date":false,"footnotes":""},"class_list":["post-1618","page","type-page","status-publish","hentry"],"yoast_head":"<!-- This site is optimized with the Yoast SEO plugin v25.6 - https:\/\/yoast.com\/wordpress\/plugins\/seo\/ -->\n<title>Mi cuenta - Gestiones Dika<\/title>\n<meta name=\"robots\" content=\"index, follow, max-snippet:-1, max-image-preview:large, max-video-preview:-1\" \/>\n<link rel=\"canonical\" href=\"https:\/\/gestionesdika.es\/en\/mi-cuenta\/\" \/>\n<meta property=\"og:locale\" content=\"en_US\" \/>\n<meta property=\"og:type\" content=\"article\" \/>\n<meta property=\"og:title\" content=\"Mi cuenta - Gestiones Dika\" \/>\n<meta property=\"og:url\" content=\"https:\/\/gestionesdika.es\/en\/mi-cuenta\/\" \/>\n<meta property=\"og:site_name\" content=\"Gestiones Dika\" \/>\n<meta property=\"article:publisher\" content=\"https:\/\/www.facebook.com\/search\/top?q=gestiones%20dika\" \/>\n<meta name=\"twitter:card\" content=\"summary_large_image\" \/>\n<script type=\"application\/ld+json\" class=\"yoast-schema-graph\">{\"@context\":\"https:\/\/schema.org\",\"@graph\":[{\"@type\":\"WebPage\",\"@id\":\"https:\/\/gestionesdika.es\/mi-cuenta\/\",\"url\":\"https:\/\/gestionesdika.es\/mi-cuenta\/\",\"name\":\"Mi cuenta - Gestiones Dika\",\"isPartOf\":{\"@id\":\"https:\/\/gestionesdika.es\/#website\"},\"datePublished\":\"2024-06-24T16:47:00+00:00\",\"breadcrumb\":{\"@id\":\"https:\/\/gestionesdika.es\/mi-cuenta\/#breadcrumb\"},\"inLanguage\":\"en-US\",\"potentialAction\":[{\"@type\":\"ReadAction\",\"target\":[\"https:\/\/gestionesdika.es\/mi-cuenta\/\"]}]},{\"@type\":\"BreadcrumbList\",\"@id\":\"https:\/\/gestionesdika.es\/mi-cuenta\/#breadcrumb\",\"itemListElement\":[{\"@type\":\"ListItem\",\"position\":1,\"name\":\"Portada\",\"item\":\"https:\/\/gestionesdika.es\/\"},{\"@type\":\"ListItem\",\"position\":2,\"name\":\"Mi cuenta\"}]},{\"@type\":\"WebSite\",\"@id\":\"https:\/\/gestionesdika.es\/#website\",\"url\":\"https:\/\/gestionesdika.es\/\",\"name\":\"Gestiones Dika\",\"description\":\"Asesor\u00eda Social y Jur\u00eddica para Migrar a Espa\u00f1a\",\"publisher\":{\"@id\":\"https:\/\/gestionesdika.es\/#organization\"},\"potentialAction\":[{\"@type\":\"SearchAction\",\"target\":{\"@type\":\"EntryPoint\",\"urlTemplate\":\"https:\/\/gestionesdika.es\/?s={search_term_string}\"},\"query-input\":{\"@type\":\"PropertyValueSpecification\",\"valueRequired\":true,\"valueName\":\"search_term_string\"}}],\"inLanguage\":\"en-US\"},{\"@type\":\"Organization\",\"@id\":\"https:\/\/gestionesdika.es\/#organization\",\"name\":\"Gestiones dika\",\"url\":\"https:\/\/gestionesdika.es\/\",\"logo\":{\"@type\":\"ImageObject\",\"inLanguage\":\"en-US\",\"@id\":\"https:\/\/gestionesdika.es\/#\/schema\/logo\/image\/\",\"url\":\"https:\/\/gestionesdika.es\/wp-content\/uploads\/2022\/10\/cropped-LOGO_DIKA__OK.jpg\",\"contentUrl\":\"https:\/\/gestionesdika.es\/wp-content\/uploads\/2022\/10\/cropped-LOGO_DIKA__OK.jpg\",\"width\":1500,\"height\":1006,\"caption\":\"Gestiones dika\"},\"image\":{\"@id\":\"https:\/\/gestionesdika.es\/#\/schema\/logo\/image\/\"},\"sameAs\":[\"https:\/\/www.facebook.com\/search\/top?q=gestiones dika\",\"https:\/\/www.instagram.com\/gestiones.dika\/\"]}]}<\/script>\n<!-- \/ Yoast SEO plugin. -->","yoast_head_json":{"title":"Mi cuenta - Gestiones Dika","robots":{"index":"index","follow":"follow","max-snippet":"max-snippet:-1","max-image-preview":"max-image-preview:large","max-video-preview":"max-video-preview:-1"},"canonical":"https:\/\/gestionesdika.es\/en\/mi-cuenta\/","og_locale":"en_US","og_type":"article","og_title":"Mi cuenta - Gestiones Dika","og_url":"https:\/\/gestionesdika.es\/en\/mi-cuenta\/","og_site_name":"Gestiones Dika","article_publisher":"https:\/\/www.facebook.com\/search\/top?q=gestiones%20dika","twitter_card":"summary_large_image","schema":{"@context":"https:\/\/schema.org","@graph":[{"@type":"WebPage","@id":"https:\/\/gestionesdika.es\/mi-cuenta\/","url":"https:\/\/gestionesdika.es\/mi-cuenta\/","name":"Mi cuenta - Gestiones Dika","isPartOf":{"@id":"https:\/\/gestionesdika.es\/#website"},"datePublished":"2024-06-24T16:47:00+00:00","breadcrumb":{"@id":"https:\/\/gestionesdika.es\/mi-cuenta\/#breadcrumb"},"inLanguage":"en-US","potentialAction":[{"@type":"ReadAction","target":["https:\/\/gestionesdika.es\/mi-cuenta\/"]}]},{"@type":"BreadcrumbList","@id":"https:\/\/gestionesdika.es\/mi-cuenta\/#breadcrumb","itemListElement":[{"@type":"ListItem","position":1,"name":"Portada","item":"https:\/\/gestionesdika.es\/"},{"@type":"ListItem","position":2,"name":"Mi cuenta"}]},{"@type":"WebSite","@id":"https:\/\/gestionesdika.es\/#website","url":"https:\/\/gestionesdika.es\/","name":"Gestiones Dika","description":"Asesor\u00eda Social y Jur\u00eddica para Migrar a Espa\u00f1a","publisher":{"@id":"https:\/\/gestionesdika.es\/#organization"},"potentialAction":[{"@type":"SearchAction","target":{"@type":"EntryPoint","urlTemplate":"https:\/\/gestionesdika.es\/?s={search_term_string}"},"query-input":{"@type":"PropertyValueSpecification","valueRequired":true,"valueName":"search_term_string"}}],"inLanguage":"en-US"},{"@type":"Organization","@id":"https:\/\/gestionesdika.es\/#organization","name":"Gestiones dika","url":"https:\/\/gestionesdika.es\/","logo":{"@type":"ImageObject","inLanguage":"en-US","@id":"https:\/\/gestionesdika.es\/#\/schema\/logo\/image\/","url":"https:\/\/gestionesdika.es\/wp-content\/uploads\/2022\/10\/cropped-LOGO_DIKA__OK.jpg","contentUrl":"https:\/\/gestionesdika.es\/wp-content\/uploads\/2022\/10\/cropped-LOGO_DIKA__OK.jpg","width":1500,"height":1006,"caption":"Gestiones dika"},"image":{"@id":"https:\/\/gestionesdika.es\/#\/schema\/logo\/image\/"},"sameAs":["https:\/\/www.facebook.com\/search\/top?q=gestiones dika","https:\/\/www.instagram.com\/gestiones.dika\/"]}]}},"_links":{"self":[{"href":"https:\/\/gestionesdika.es\/en\/wp-json\/wp\/v2\/pages\/1618"}],"collection":[{"href":"https:\/\/gestionesdika.es\/en\/wp-json\/wp\/v2\/pages"}],"about":[{"href":"https:\/\/gestionesdika.es\/en\/wp-json\/wp\/v2\/types\/page"}],"author":[{"embeddable":true,"href":"https:\/\/gestionesdika.es\/en\/wp-json\/wp\/v2\/users\/1"}],"replies":[{"embeddable":true,"href":"https:\/\/gestionesdika.es\/en\/wp-json\/wp\/v2\/comments?post=1618"}],"version-history":[{"count":0,"href":"https:\/\/gestionesdika.es\/en\/wp-json\/wp\/v2\/pages\/1618\/revisions"}],"wp:attachment":[{"href":"https:\/\/gestionesdika.es\/en\/wp-json\/wp\/v2\/media?parent=1618"}],"curies":[{"name":"wp","href":"https:\/\/api.w.org\/{rel}","templated":true}]}}