{"id":1619,"date":"2024-09-04T11:48:04","date_gmt":"2024-09-04T11:48:04","guid":{"rendered":"https:\/\/gestionesdika.es\/?page_id=1619"},"modified":"2024-09-04T13:06:47","modified_gmt":"2024-09-04T13:06:47","slug":"reembolso_devoluciones","status":"publish","type":"page","link":"https:\/\/gestionesdika.es\/en\/reembolso_devoluciones\/","title":{"rendered":"Pol\u00edtica de devoluciones y reembolsos"},"content":{"rendered":"<div data-elementor-type=\"wp-page\" data-elementor-id=\"1619\" class=\"elementor elementor-1619\" data-elementor-post-type=\"page\">\n\t\t\t\t<div class=\"elementor-element elementor-element-2f2737f8 e-flex e-con-boxed e-con e-parent\" data-id=\"2f2737f8\" data-element_type=\"container\" data-e-type=\"container\">\n\t\t\t\t\t<div class=\"e-con-inner\">\n\t\t\t\t<div class=\"elementor-element elementor-element-203aba43 elementor-widget elementor-widget-text-editor\" data-id=\"203aba43\" data-element_type=\"widget\" data-e-type=\"widget\" data-widget_type=\"text-editor.default\">\n\t\t\t\t<div class=\"elementor-widget-container\"><p><b>This is a sample page.<\/b><\/p><h2 class=\"wp-block-heading\">Resumen<\/h2><p>Nuestra pol\u00edtica de reembolsos y devoluciones tiene una duraci\u00f3n de 30 d\u00edas. Si han pasado 30 d\u00edas desde su compra, no podemos ofrecerle un reembolso completo ni un cambio.<\/p><p>Para ser elegible para una devoluci\u00f3n, su art\u00edculo debe estar sin usar y en las mismas condiciones en que lo recibi\u00f3. Tambi\u00e9n debe estar en su embalaje original.<\/p><p>Varios tipos de bienes est\u00e1n exentos de ser devueltos. Los bienes perecederos como alimentos, flores, peri\u00f3dicos o revistas no pueden ser devueltos. Tampoco aceptamos productos que sean art\u00edculos \u00edntimos o sanitarios, materiales peligrosos, o l\u00edquidos o gases inflamables.<\/p><p>Art\u00edculos adicionales que no se pueden devolver:<\/p><ul class=\"wp-block-list\"><li>Tarjetas de regalo<\/li>\n\n<li>Productos de software descargables<\/li>\n\n<li>Algunos art\u00edculos de salud y cuidado personal<\/li><\/ul><p>Para completar su devoluci\u00f3n, requerimos un recibo o comprobante de compra.<\/p><p>Por favor, no env\u00ede su compra de vuelta al fabricante.<\/p><p>Existen ciertas situaciones donde solo se conceden reembolsos parciales:<\/p><ul class=\"wp-block-list\"><li>Libros con signos evidentes de uso<\/li>\n\n<li>CD, DVD, cinta VHS, software, videojuegos, casete o disco de vinilo que haya sido abierto<\/li>\n\n<li>Cualquier art\u00edculo que no est\u00e9 en su condici\u00f3n original, est\u00e9 da\u00f1ado o le falten piezas por razones no debidas a nuestro error<\/li>\n\n<li>Cualquier art\u00edculo que sea devuelto m\u00e1s de 30 d\u00edas despu\u00e9s de la entrega<\/li><\/ul><p>Reembolsos<\/p><p>Una vez que su devoluci\u00f3n sea recibida e inspeccionada, le enviaremos un correo electr\u00f3nico para notificarle que hemos recibido su art\u00edculo devuelto. Tambi\u00e9n le notificaremos sobre la aprobaci\u00f3n o rechazo de su reembolso.<\/p><p>Si se aprueba, su reembolso ser\u00e1 procesado y un cr\u00e9dito se aplicar\u00e1 autom\u00e1ticamente a su tarjeta de cr\u00e9dito o m\u00e9todo original de pago, dentro de un cierto n\u00famero de d\u00edas.<\/p><h3 class=\"wp-block-heading\">Late or missing refunds<\/h3><p>Si a\u00fan no ha recibido un reembolso, primero verifique nuevamente su cuenta bancaria.<\/p><p>Luego, comun\u00edquese con su compa\u00f1\u00eda de tarjeta de cr\u00e9dito, ya que puede tomar alg\u00fan tiempo antes de que su reembolso se registre oficialmente.<\/p><p>A continuaci\u00f3n, comun\u00edquese con su banco. A menudo hay un tiempo de procesamiento antes de que se registre un reembolso.<\/p><p>Si ha hecho todo esto y a\u00fan no ha recibido su reembolso, por favor cont\u00e1ctenos en {direcci\u00f3n de correo electr\u00f3nico}.<\/p><h3 class=\"wp-block-heading\">Sale items<\/h3><p>Solo los art\u00edculos a precio regular pueden ser reembolsados. Los art\u00edculos en oferta no pueden ser reembolsados.<\/p><p><strong>Cambios<\/strong><\/p><p>Solo reemplazamos art\u00edculos si est\u00e1n defectuosos o da\u00f1ados. Si necesita cambiarlo por el mismo art\u00edculo, env\u00edenos un correo electr\u00f3nico a {direcci\u00f3n de correo electr\u00f3nico} y env\u00ede su art\u00edculo a: {direcci\u00f3n f\u00edsica}.<\/p><p><strong>Regalos<\/strong><\/p><p>Si el art\u00edculo estaba marcado como regalo al momento de la compra y fue enviado directamente a usted, recibir\u00e1 un cr\u00e9dito de regalo por el valor de su devoluci\u00f3n. Una vez que se reciba el art\u00edculo devuelto, se le enviar\u00e1 un certificado de regalo.<\/p><p>Si el art\u00edculo no estaba marcado como regalo al momento de la compra, o el que hizo el regalo ten\u00eda el pedido enviado a s\u00ed mismo para entreg\u00e1rselo m\u00e1s tarde, enviaremos un reembolso a la persona que hizo el regalo y ellos se enterar\u00e1n sobre su devoluci\u00f3n.<\/p><p><strong>Devoluci\u00f3n de env\u00edos<\/strong><\/p><p>Para devolver su producto, debe enviarlo a: {direcci\u00f3n f\u00edsica}.<\/p><p>Usted ser\u00e1 responsable de pagar los costos de env\u00edo para devolver su art\u00edculo. Los costos de env\u00edo no son reembolsables. Si recibe un reembolso, el costo del env\u00edo de la devoluci\u00f3n ser\u00e1 deducido de su reembolso.<\/p><p>Dependiendo de d\u00f3nde viva, el tiempo que pueda tardar su producto de cambio en llegar a usted puede variar.<\/p><p>Si est\u00e1 devolviendo art\u00edculos m\u00e1s costosos, considere utilizar un servicio de env\u00edo rastreable o comprar un seguro de env\u00edo. No garantizamos que recibiremos su art\u00edculo devuelto.<\/p><p><strong>\u00bfNecesita ayuda?<\/strong><\/p><p>Cont\u00e1ctenos en {correo electr\u00f3nico} para preguntas relacionadas con reembolsos y devoluciones.<\/p><\/div>\n\t\t\t\t<\/div>\n\t\t\t\t\t<\/div>\n\t\t\t\t<\/div>\t\t<\/div>","protected":false},"excerpt":{"rendered":"<p>This is a sample page. Resumen Nuestra pol\u00edtica de reembolsos y devoluciones tiene una duraci\u00f3n de 30 d\u00edas. Si han pasado 30 d\u00edas desde su compra, no podemos ofrecerle un reembolso completo ni un cambio. Para ser elegible para una devoluci\u00f3n, su art\u00edculo debe estar sin usar y en las mismas condiciones en que lo [&hellip;]<\/p>\n","protected":false},"author":1,"featured_media":0,"parent":0,"menu_order":0,"comment_status":"closed","ping_status":"closed","template":"elementor_header_footer","meta":{"_bbp_topic_count":0,"_bbp_reply_count":0,"_bbp_total_topic_count":0,"_bbp_total_reply_count":0,"_bbp_voice_count":0,"_bbp_anonymous_reply_count":0,"_bbp_topic_count_hidden":0,"_bbp_reply_count_hidden":0,"_bbp_forum_subforum_count":0,"rank_math_lock_modified_date":false,"footnotes":""},"class_list":["post-1619","page","type-page","status-publish","hentry"],"yoast_head":"<!-- This site is optimized with the Yoast SEO plugin v25.6 - https:\/\/yoast.com\/wordpress\/plugins\/seo\/ -->\n<title>Pol\u00edtica de devoluciones y reembolsos - Gestiones Dika<\/title>\n<meta name=\"robots\" content=\"index, follow, max-snippet:-1, max-image-preview:large, max-video-preview:-1\" \/>\n<link rel=\"canonical\" href=\"https:\/\/gestionesdika.es\/en\/reembolso_devoluciones\/\" \/>\n<meta property=\"og:locale\" content=\"en_US\" \/>\n<meta property=\"og:type\" content=\"article\" \/>\n<meta property=\"og:title\" content=\"Pol\u00edtica de devoluciones y reembolsos - Gestiones Dika\" \/>\n<meta property=\"og:description\" content=\"This is a sample page. Resumen Nuestra pol\u00edtica de reembolsos y devoluciones tiene una duraci\u00f3n de 30 d\u00edas. Si han pasado 30 d\u00edas desde su compra, no podemos ofrecerle un reembolso completo ni un cambio. Para ser elegible para una devoluci\u00f3n, su art\u00edculo debe estar sin usar y en las mismas condiciones en que lo [&hellip;]\" \/>\n<meta property=\"og:url\" content=\"https:\/\/gestionesdika.es\/en\/reembolso_devoluciones\/\" \/>\n<meta property=\"og:site_name\" content=\"Gestiones Dika\" \/>\n<meta property=\"article:publisher\" content=\"https:\/\/www.facebook.com\/search\/top?q=gestiones%20dika\" \/>\n<meta property=\"article:modified_time\" content=\"2024-09-04T13:06:47+00:00\" \/>\n<meta name=\"twitter:card\" content=\"summary_large_image\" \/>\n<meta name=\"twitter:label1\" content=\"Est. reading time\" \/>\n\t<meta name=\"twitter:data1\" content=\"3 minutes\" \/>\n<script type=\"application\/ld+json\" class=\"yoast-schema-graph\">{\"@context\":\"https:\/\/schema.org\",\"@graph\":[{\"@type\":\"WebPage\",\"@id\":\"https:\/\/gestionesdika.es\/reembolso_devoluciones\/\",\"url\":\"https:\/\/gestionesdika.es\/reembolso_devoluciones\/\",\"name\":\"Pol\u00edtica de devoluciones y reembolsos - Gestiones Dika\",\"isPartOf\":{\"@id\":\"https:\/\/gestionesdika.es\/#website\"},\"datePublished\":\"2024-09-04T11:48:04+00:00\",\"dateModified\":\"2024-09-04T13:06:47+00:00\",\"breadcrumb\":{\"@id\":\"https:\/\/gestionesdika.es\/reembolso_devoluciones\/#breadcrumb\"},\"inLanguage\":\"en-US\",\"potentialAction\":[{\"@type\":\"ReadAction\",\"target\":[\"https:\/\/gestionesdika.es\/reembolso_devoluciones\/\"]}]},{\"@type\":\"BreadcrumbList\",\"@id\":\"https:\/\/gestionesdika.es\/reembolso_devoluciones\/#breadcrumb\",\"itemListElement\":[{\"@type\":\"ListItem\",\"position\":1,\"name\":\"Portada\",\"item\":\"https:\/\/gestionesdika.es\/\"},{\"@type\":\"ListItem\",\"position\":2,\"name\":\"Pol\u00edtica de devoluciones y reembolsos\"}]},{\"@type\":\"WebSite\",\"@id\":\"https:\/\/gestionesdika.es\/#website\",\"url\":\"https:\/\/gestionesdika.es\/\",\"name\":\"Gestiones Dika\",\"description\":\"Asesor\u00eda Social y Jur\u00eddica para Migrar a Espa\u00f1a\",\"publisher\":{\"@id\":\"https:\/\/gestionesdika.es\/#organization\"},\"potentialAction\":[{\"@type\":\"SearchAction\",\"target\":{\"@type\":\"EntryPoint\",\"urlTemplate\":\"https:\/\/gestionesdika.es\/?s={search_term_string}\"},\"query-input\":{\"@type\":\"PropertyValueSpecification\",\"valueRequired\":true,\"valueName\":\"search_term_string\"}}],\"inLanguage\":\"en-US\"},{\"@type\":\"Organization\",\"@id\":\"https:\/\/gestionesdika.es\/#organization\",\"name\":\"Gestiones dika\",\"url\":\"https:\/\/gestionesdika.es\/\",\"logo\":{\"@type\":\"ImageObject\",\"inLanguage\":\"en-US\",\"@id\":\"https:\/\/gestionesdika.es\/#\/schema\/logo\/image\/\",\"url\":\"https:\/\/gestionesdika.es\/wp-content\/uploads\/2022\/10\/cropped-LOGO_DIKA__OK.jpg\",\"contentUrl\":\"https:\/\/gestionesdika.es\/wp-content\/uploads\/2022\/10\/cropped-LOGO_DIKA__OK.jpg\",\"width\":1500,\"height\":1006,\"caption\":\"Gestiones dika\"},\"image\":{\"@id\":\"https:\/\/gestionesdika.es\/#\/schema\/logo\/image\/\"},\"sameAs\":[\"https:\/\/www.facebook.com\/search\/top?q=gestiones dika\",\"https:\/\/www.instagram.com\/gestiones.dika\/\"]}]}<\/script>\n<!-- \/ Yoast SEO plugin. -->","yoast_head_json":{"title":"Pol\u00edtica de devoluciones y reembolsos - Gestiones Dika","robots":{"index":"index","follow":"follow","max-snippet":"max-snippet:-1","max-image-preview":"max-image-preview:large","max-video-preview":"max-video-preview:-1"},"canonical":"https:\/\/gestionesdika.es\/en\/reembolso_devoluciones\/","og_locale":"en_US","og_type":"article","og_title":"Pol\u00edtica de devoluciones y reembolsos - Gestiones Dika","og_description":"This is a sample page. Resumen Nuestra pol\u00edtica de reembolsos y devoluciones tiene una duraci\u00f3n de 30 d\u00edas. Si han pasado 30 d\u00edas desde su compra, no podemos ofrecerle un reembolso completo ni un cambio. Para ser elegible para una devoluci\u00f3n, su art\u00edculo debe estar sin usar y en las mismas condiciones en que lo [&hellip;]","og_url":"https:\/\/gestionesdika.es\/en\/reembolso_devoluciones\/","og_site_name":"Gestiones Dika","article_publisher":"https:\/\/www.facebook.com\/search\/top?q=gestiones%20dika","article_modified_time":"2024-09-04T13:06:47+00:00","twitter_card":"summary_large_image","twitter_misc":{"Est. reading time":"3 minutes"},"schema":{"@context":"https:\/\/schema.org","@graph":[{"@type":"WebPage","@id":"https:\/\/gestionesdika.es\/reembolso_devoluciones\/","url":"https:\/\/gestionesdika.es\/reembolso_devoluciones\/","name":"Pol\u00edtica de devoluciones y reembolsos - Gestiones Dika","isPartOf":{"@id":"https:\/\/gestionesdika.es\/#website"},"datePublished":"2024-09-04T11:48:04+00:00","dateModified":"2024-09-04T13:06:47+00:00","breadcrumb":{"@id":"https:\/\/gestionesdika.es\/reembolso_devoluciones\/#breadcrumb"},"inLanguage":"en-US","potentialAction":[{"@type":"ReadAction","target":["https:\/\/gestionesdika.es\/reembolso_devoluciones\/"]}]},{"@type":"BreadcrumbList","@id":"https:\/\/gestionesdika.es\/reembolso_devoluciones\/#breadcrumb","itemListElement":[{"@type":"ListItem","position":1,"name":"Portada","item":"https:\/\/gestionesdika.es\/"},{"@type":"ListItem","position":2,"name":"Pol\u00edtica de devoluciones y reembolsos"}]},{"@type":"WebSite","@id":"https:\/\/gestionesdika.es\/#website","url":"https:\/\/gestionesdika.es\/","name":"Gestiones Dika","description":"Asesor\u00eda Social y Jur\u00eddica para Migrar a Espa\u00f1a","publisher":{"@id":"https:\/\/gestionesdika.es\/#organization"},"potentialAction":[{"@type":"SearchAction","target":{"@type":"EntryPoint","urlTemplate":"https:\/\/gestionesdika.es\/?s={search_term_string}"},"query-input":{"@type":"PropertyValueSpecification","valueRequired":true,"valueName":"search_term_string"}}],"inLanguage":"en-US"},{"@type":"Organization","@id":"https:\/\/gestionesdika.es\/#organization","name":"Gestiones dika","url":"https:\/\/gestionesdika.es\/","logo":{"@type":"ImageObject","inLanguage":"en-US","@id":"https:\/\/gestionesdika.es\/#\/schema\/logo\/image\/","url":"https:\/\/gestionesdika.es\/wp-content\/uploads\/2022\/10\/cropped-LOGO_DIKA__OK.jpg","contentUrl":"https:\/\/gestionesdika.es\/wp-content\/uploads\/2022\/10\/cropped-LOGO_DIKA__OK.jpg","width":1500,"height":1006,"caption":"Gestiones dika"},"image":{"@id":"https:\/\/gestionesdika.es\/#\/schema\/logo\/image\/"},"sameAs":["https:\/\/www.facebook.com\/search\/top?q=gestiones dika","https:\/\/www.instagram.com\/gestiones.dika\/"]}]}},"_links":{"self":[{"href":"https:\/\/gestionesdika.es\/en\/wp-json\/wp\/v2\/pages\/1619"}],"collection":[{"href":"https:\/\/gestionesdika.es\/en\/wp-json\/wp\/v2\/pages"}],"about":[{"href":"https:\/\/gestionesdika.es\/en\/wp-json\/wp\/v2\/types\/page"}],"author":[{"embeddable":true,"href":"https:\/\/gestionesdika.es\/en\/wp-json\/wp\/v2\/users\/1"}],"replies":[{"embeddable":true,"href":"https:\/\/gestionesdika.es\/en\/wp-json\/wp\/v2\/comments?post=1619"}],"version-history":[{"count":7,"href":"https:\/\/gestionesdika.es\/en\/wp-json\/wp\/v2\/pages\/1619\/revisions"}],"predecessor-version":[{"id":1883,"href":"https:\/\/gestionesdika.es\/en\/wp-json\/wp\/v2\/pages\/1619\/revisions\/1883"}],"wp:attachment":[{"href":"https:\/\/gestionesdika.es\/en\/wp-json\/wp\/v2\/media?parent=1619"}],"curies":[{"name":"wp","href":"https:\/\/api.w.org\/{rel}","templated":true}]}}