{"id":1754,"date":"2024-08-16T11:36:45","date_gmt":"2024-08-16T11:36:45","guid":{"rendered":"https:\/\/gestionesdika.es\/?page_id=1754"},"modified":"2024-08-16T11:44:23","modified_gmt":"2024-08-16T11:44:23","slug":"gracias","status":"publish","type":"page","link":"https:\/\/gestionesdika.es\/en\/gracias\/","title":{"rendered":"Gracias"},"content":{"rendered":"<div data-elementor-type=\"wp-page\" data-elementor-id=\"1754\" class=\"elementor elementor-1754\" data-elementor-post-type=\"page\">\n\t\t\t\t<div class=\"elementor-element elementor-element-5f8a341 e-flex e-con-boxed e-con e-parent\" data-id=\"5f8a341\" data-element_type=\"container\" data-e-type=\"container\">\n\t\t\t\t\t<div class=\"e-con-inner\">\n\t\t\t\t<div class=\"elementor-element elementor-element-26bf42d elementor-widget elementor-widget-heading\" data-id=\"26bf42d\" data-element_type=\"widget\" data-e-type=\"widget\" data-widget_type=\"heading.default\">\n\t\t\t\t<div class=\"elementor-widget-container\">\n\t\t\t\t\t<h2 class=\"elementor-heading-title elementor-size-default\">En hora buena, ya puedes empezar a tramitar tu solicitud.<\/h2>\t\t\t\t<\/div>\n\t\t\t\t<\/div>\n\t\t\t\t\t<\/div>\n\t\t\t\t<\/div>\n\t\t<div class=\"elementor-element elementor-element-550cb09 e-flex e-con-boxed e-con e-parent\" data-id=\"550cb09\" data-element_type=\"container\" data-e-type=\"container\">\n\t\t\t\t\t<div class=\"e-con-inner\">\n\t\t<div class=\"elementor-element elementor-element-246de52 e-con-full e-flex e-con e-child\" data-id=\"246de52\" data-element_type=\"container\" data-e-type=\"container\">\n\t\t\t\t<div class=\"elementor-element elementor-element-6f12a50 elementor-widget elementor-widget-image\" data-id=\"6f12a50\" data-element_type=\"widget\" data-e-type=\"widget\" data-widget_type=\"image.default\">\n\t\t\t\t<div class=\"elementor-widget-container\">\n\t\t\t\t\t\t\t\t\t\t\t\t\t\t\t<img fetchpriority=\"high\" decoding=\"async\" width=\"800\" height=\"800\" src=\"https:\/\/gestionesdika.es\/wp-content\/uploads\/2024\/08\/Asistencia-Sanitaria-En-Espana-Para-Extranjeros-1024x1024.png\" class=\"attachment-large size-large wp-image-1729\" alt=\"PDF De asistencia sanitar\u00eda para extranjero\" srcset=\"https:\/\/gestionesdika.es\/wp-content\/uploads\/2024\/08\/Asistencia-Sanitaria-En-Espana-Para-Extranjeros-1024x1024.png 1024w, https:\/\/gestionesdika.es\/wp-content\/uploads\/2024\/08\/Asistencia-Sanitaria-En-Espana-Para-Extranjeros-300x300.png 300w, https:\/\/gestionesdika.es\/wp-content\/uploads\/2024\/08\/Asistencia-Sanitaria-En-Espana-Para-Extranjeros-150x150.png 150w, https:\/\/gestionesdika.es\/wp-content\/uploads\/2024\/08\/Asistencia-Sanitaria-En-Espana-Para-Extranjeros-768x768.png 768w, https:\/\/gestionesdika.es\/wp-content\/uploads\/2024\/08\/Asistencia-Sanitaria-En-Espana-Para-Extranjeros-12x12.png 12w, https:\/\/gestionesdika.es\/wp-content\/uploads\/2024\/08\/Asistencia-Sanitaria-En-Espana-Para-Extranjeros-600x600.png 600w, https:\/\/gestionesdika.es\/wp-content\/uploads\/2024\/08\/Asistencia-Sanitaria-En-Espana-Para-Extranjeros-100x100.png 100w, https:\/\/gestionesdika.es\/wp-content\/uploads\/2024\/08\/Asistencia-Sanitaria-En-Espana-Para-Extranjeros.png 1080w\" sizes=\"(max-width: 800px) 100vw, 800px\" \/>\t\t\t\t\t\t\t\t\t\t\t\t\t\t\t<\/div>\n\t\t\t\t<\/div>\n\t\t\t\t<\/div>\n\t\t<div class=\"elementor-element elementor-element-f9c7b91 e-con-full e-flex e-con e-child\" data-id=\"f9c7b91\" data-element_type=\"container\" data-e-type=\"container\">\n\t\t\t\t<div class=\"elementor-element elementor-element-83c9236 elementor-align-center elementor-widget elementor-widget-button\" data-id=\"83c9236\" data-element_type=\"widget\" data-e-type=\"widget\" data-widget_type=\"button.default\">\n\t\t\t\t<div class=\"elementor-widget-container\">\n\t\t\t\t\t\t\t\t\t<div class=\"elementor-button-wrapper\">\n\t\t\t\t\t<a class=\"elementor-button elementor-button-link elementor-size-sm\" href=\"http:\/\/gestionesdika.es\/wp-content\/uploads\/2024\/08\/Asistencia-Sanitaria-actualizada.pdf\">\n\t\t\t\t\t\t<span class=\"elementor-button-content-wrapper\">\n\t\t\t\t\t\t\t\t\t<span class=\"elementor-button-text\">Descarga el pdf<\/span>\n\t\t\t\t\t<\/span>\n\t\t\t\t\t<\/a>\n\t\t\t\t<\/div>\n\t\t\t\t\t\t\t\t<\/div>\n\t\t\t\t<\/div>\n\t\t\t\t<\/div>\n\t\t\t\t\t<\/div>\n\t\t\t\t<\/div>\n\t\t\t\t<\/div>","protected":false},"excerpt":{"rendered":"<p>En hora buena, ya puedes empezar a tramitar tu solicitud. Descarga el pdf<\/p>","protected":false},"author":1,"featured_media":0,"parent":0,"menu_order":0,"comment_status":"closed","ping_status":"closed","template":"","meta":{"_bbp_topic_count":0,"_bbp_reply_count":0,"_bbp_total_topic_count":0,"_bbp_total_reply_count":0,"_bbp_voice_count":0,"_bbp_anonymous_reply_count":0,"_bbp_topic_count_hidden":0,"_bbp_reply_count_hidden":0,"_bbp_forum_subforum_count":0,"rank_math_lock_modified_date":false,"footnotes":""},"class_list":["post-1754","page","type-page","status-publish","hentry"],"yoast_head":"<!-- This site is optimized with the Yoast SEO plugin v25.6 - https:\/\/yoast.com\/wordpress\/plugins\/seo\/ -->\n<title>Gracias - Gestiones Dika<\/title>\n<meta name=\"robots\" content=\"index, follow, max-snippet:-1, max-image-preview:large, max-video-preview:-1\" \/>\n<link rel=\"canonical\" href=\"https:\/\/gestionesdika.es\/en\/gracias\/\" \/>\n<meta property=\"og:locale\" content=\"en_US\" \/>\n<meta property=\"og:type\" content=\"article\" \/>\n<meta property=\"og:title\" content=\"Gracias - Gestiones Dika\" \/>\n<meta property=\"og:description\" content=\"En hora buena, ya puedes empezar a tramitar tu solicitud. Descarga el pdf\" \/>\n<meta property=\"og:url\" content=\"https:\/\/gestionesdika.es\/en\/gracias\/\" \/>\n<meta property=\"og:site_name\" content=\"Gestiones Dika\" \/>\n<meta property=\"article:publisher\" content=\"https:\/\/www.facebook.com\/search\/top?q=gestiones%20dika\" \/>\n<meta property=\"article:modified_time\" content=\"2024-08-16T11:44:23+00:00\" \/>\n<meta property=\"og:image\" content=\"http:\/\/gestionesdika.es\/wp-content\/uploads\/2024\/08\/Asistencia-Sanitaria-En-Espana-Para-Extranjeros-1024x1024.png\" \/>\n<meta name=\"twitter:card\" content=\"summary_large_image\" \/>\n<script type=\"application\/ld+json\" class=\"yoast-schema-graph\">{\"@context\":\"https:\/\/schema.org\",\"@graph\":[{\"@type\":\"WebPage\",\"@id\":\"https:\/\/gestionesdika.es\/gracias\/\",\"url\":\"https:\/\/gestionesdika.es\/gracias\/\",\"name\":\"Gracias - Gestiones Dika\",\"isPartOf\":{\"@id\":\"https:\/\/gestionesdika.es\/#website\"},\"primaryImageOfPage\":{\"@id\":\"https:\/\/gestionesdika.es\/gracias\/#primaryimage\"},\"image\":{\"@id\":\"https:\/\/gestionesdika.es\/gracias\/#primaryimage\"},\"thumbnailUrl\":\"http:\/\/gestionesdika.es\/wp-content\/uploads\/2024\/08\/Asistencia-Sanitaria-En-Espana-Para-Extranjeros-1024x1024.png\",\"datePublished\":\"2024-08-16T11:36:45+00:00\",\"dateModified\":\"2024-08-16T11:44:23+00:00\",\"breadcrumb\":{\"@id\":\"https:\/\/gestionesdika.es\/gracias\/#breadcrumb\"},\"inLanguage\":\"en-US\",\"potentialAction\":[{\"@type\":\"ReadAction\",\"target\":[\"https:\/\/gestionesdika.es\/gracias\/\"]}]},{\"@type\":\"ImageObject\",\"inLanguage\":\"en-US\",\"@id\":\"https:\/\/gestionesdika.es\/gracias\/#primaryimage\",\"url\":\"http:\/\/gestionesdika.es\/wp-content\/uploads\/2024\/08\/Asistencia-Sanitaria-En-Espana-Para-Extranjeros-1024x1024.png\",\"contentUrl\":\"http:\/\/gestionesdika.es\/wp-content\/uploads\/2024\/08\/Asistencia-Sanitaria-En-Espana-Para-Extranjeros-1024x1024.png\"},{\"@type\":\"BreadcrumbList\",\"@id\":\"https:\/\/gestionesdika.es\/gracias\/#breadcrumb\",\"itemListElement\":[{\"@type\":\"ListItem\",\"position\":1,\"name\":\"Portada\",\"item\":\"https:\/\/gestionesdika.es\/\"},{\"@type\":\"ListItem\",\"position\":2,\"name\":\"Gracias\"}]},{\"@type\":\"WebSite\",\"@id\":\"https:\/\/gestionesdika.es\/#website\",\"url\":\"https:\/\/gestionesdika.es\/\",\"name\":\"Gestiones Dika\",\"description\":\"Asesor\u00eda Social y Jur\u00eddica para Migrar a Espa\u00f1a\",\"publisher\":{\"@id\":\"https:\/\/gestionesdika.es\/#organization\"},\"potentialAction\":[{\"@type\":\"SearchAction\",\"target\":{\"@type\":\"EntryPoint\",\"urlTemplate\":\"https:\/\/gestionesdika.es\/?s={search_term_string}\"},\"query-input\":{\"@type\":\"PropertyValueSpecification\",\"valueRequired\":true,\"valueName\":\"search_term_string\"}}],\"inLanguage\":\"en-US\"},{\"@type\":\"Organization\",\"@id\":\"https:\/\/gestionesdika.es\/#organization\",\"name\":\"Gestiones dika\",\"url\":\"https:\/\/gestionesdika.es\/\",\"logo\":{\"@type\":\"ImageObject\",\"inLanguage\":\"en-US\",\"@id\":\"https:\/\/gestionesdika.es\/#\/schema\/logo\/image\/\",\"url\":\"https:\/\/gestionesdika.es\/wp-content\/uploads\/2022\/10\/cropped-LOGO_DIKA__OK.jpg\",\"contentUrl\":\"https:\/\/gestionesdika.es\/wp-content\/uploads\/2022\/10\/cropped-LOGO_DIKA__OK.jpg\",\"width\":1500,\"height\":1006,\"caption\":\"Gestiones dika\"},\"image\":{\"@id\":\"https:\/\/gestionesdika.es\/#\/schema\/logo\/image\/\"},\"sameAs\":[\"https:\/\/www.facebook.com\/search\/top?q=gestiones dika\",\"https:\/\/www.instagram.com\/gestiones.dika\/\"]}]}<\/script>\n<!-- \/ Yoast SEO plugin. -->","yoast_head_json":{"title":"Gracias - Gestiones Dika","robots":{"index":"index","follow":"follow","max-snippet":"max-snippet:-1","max-image-preview":"max-image-preview:large","max-video-preview":"max-video-preview:-1"},"canonical":"https:\/\/gestionesdika.es\/en\/gracias\/","og_locale":"en_US","og_type":"article","og_title":"Gracias - Gestiones Dika","og_description":"En hora buena, ya puedes empezar a tramitar tu solicitud. Descarga el pdf","og_url":"https:\/\/gestionesdika.es\/en\/gracias\/","og_site_name":"Gestiones Dika","article_publisher":"https:\/\/www.facebook.com\/search\/top?q=gestiones%20dika","article_modified_time":"2024-08-16T11:44:23+00:00","og_image":[{"url":"http:\/\/gestionesdika.es\/wp-content\/uploads\/2024\/08\/Asistencia-Sanitaria-En-Espana-Para-Extranjeros-1024x1024.png","type":"","width":"","height":""}],"twitter_card":"summary_large_image","schema":{"@context":"https:\/\/schema.org","@graph":[{"@type":"WebPage","@id":"https:\/\/gestionesdika.es\/gracias\/","url":"https:\/\/gestionesdika.es\/gracias\/","name":"Gracias - Gestiones Dika","isPartOf":{"@id":"https:\/\/gestionesdika.es\/#website"},"primaryImageOfPage":{"@id":"https:\/\/gestionesdika.es\/gracias\/#primaryimage"},"image":{"@id":"https:\/\/gestionesdika.es\/gracias\/#primaryimage"},"thumbnailUrl":"http:\/\/gestionesdika.es\/wp-content\/uploads\/2024\/08\/Asistencia-Sanitaria-En-Espana-Para-Extranjeros-1024x1024.png","datePublished":"2024-08-16T11:36:45+00:00","dateModified":"2024-08-16T11:44:23+00:00","breadcrumb":{"@id":"https:\/\/gestionesdika.es\/gracias\/#breadcrumb"},"inLanguage":"en-US","potentialAction":[{"@type":"ReadAction","target":["https:\/\/gestionesdika.es\/gracias\/"]}]},{"@type":"ImageObject","inLanguage":"en-US","@id":"https:\/\/gestionesdika.es\/gracias\/#primaryimage","url":"http:\/\/gestionesdika.es\/wp-content\/uploads\/2024\/08\/Asistencia-Sanitaria-En-Espana-Para-Extranjeros-1024x1024.png","contentUrl":"http:\/\/gestionesdika.es\/wp-content\/uploads\/2024\/08\/Asistencia-Sanitaria-En-Espana-Para-Extranjeros-1024x1024.png"},{"@type":"BreadcrumbList","@id":"https:\/\/gestionesdika.es\/gracias\/#breadcrumb","itemListElement":[{"@type":"ListItem","position":1,"name":"Portada","item":"https:\/\/gestionesdika.es\/"},{"@type":"ListItem","position":2,"name":"Gracias"}]},{"@type":"WebSite","@id":"https:\/\/gestionesdika.es\/#website","url":"https:\/\/gestionesdika.es\/","name":"Gestiones Dika","description":"Asesor\u00eda Social y Jur\u00eddica para Migrar a Espa\u00f1a","publisher":{"@id":"https:\/\/gestionesdika.es\/#organization"},"potentialAction":[{"@type":"SearchAction","target":{"@type":"EntryPoint","urlTemplate":"https:\/\/gestionesdika.es\/?s={search_term_string}"},"query-input":{"@type":"PropertyValueSpecification","valueRequired":true,"valueName":"search_term_string"}}],"inLanguage":"en-US"},{"@type":"Organization","@id":"https:\/\/gestionesdika.es\/#organization","name":"Gestiones dika","url":"https:\/\/gestionesdika.es\/","logo":{"@type":"ImageObject","inLanguage":"en-US","@id":"https:\/\/gestionesdika.es\/#\/schema\/logo\/image\/","url":"https:\/\/gestionesdika.es\/wp-content\/uploads\/2022\/10\/cropped-LOGO_DIKA__OK.jpg","contentUrl":"https:\/\/gestionesdika.es\/wp-content\/uploads\/2022\/10\/cropped-LOGO_DIKA__OK.jpg","width":1500,"height":1006,"caption":"Gestiones dika"},"image":{"@id":"https:\/\/gestionesdika.es\/#\/schema\/logo\/image\/"},"sameAs":["https:\/\/www.facebook.com\/search\/top?q=gestiones dika","https:\/\/www.instagram.com\/gestiones.dika\/"]}]}},"_links":{"self":[{"href":"https:\/\/gestionesdika.es\/en\/wp-json\/wp\/v2\/pages\/1754"}],"collection":[{"href":"https:\/\/gestionesdika.es\/en\/wp-json\/wp\/v2\/pages"}],"about":[{"href":"https:\/\/gestionesdika.es\/en\/wp-json\/wp\/v2\/types\/page"}],"author":[{"embeddable":true,"href":"https:\/\/gestionesdika.es\/en\/wp-json\/wp\/v2\/users\/1"}],"replies":[{"embeddable":true,"href":"https:\/\/gestionesdika.es\/en\/wp-json\/wp\/v2\/comments?post=1754"}],"version-history":[{"count":7,"href":"https:\/\/gestionesdika.es\/en\/wp-json\/wp\/v2\/pages\/1754\/revisions"}],"predecessor-version":[{"id":1762,"href":"https:\/\/gestionesdika.es\/en\/wp-json\/wp\/v2\/pages\/1754\/revisions\/1762"}],"wp:attachment":[{"href":"https:\/\/gestionesdika.es\/en\/wp-json\/wp\/v2\/media?parent=1754"}],"curies":[{"name":"wp","href":"https:\/\/api.w.org\/{rel}","templated":true}]}}