{"id":1806,"date":"2024-09-04T11:55:30","date_gmt":"2024-09-04T11:55:30","guid":{"rendered":"https:\/\/gestionesdika.es\/?page_id=1806"},"modified":"2024-09-04T13:05:48","modified_gmt":"2024-09-04T13:05:48","slug":"aviso-legal","status":"publish","type":"page","link":"https:\/\/gestionesdika.es\/en\/aviso-legal\/","title":{"rendered":"Aviso Legal"},"content":{"rendered":"<div data-elementor-type=\"wp-page\" data-elementor-id=\"1806\" class=\"elementor elementor-1806\" data-elementor-post-type=\"page\">\n\t\t\t\t<div class=\"elementor-element elementor-element-ac5bd8a e-flex e-con-boxed e-con e-parent\" data-id=\"ac5bd8a\" data-element_type=\"container\" data-e-type=\"container\">\n\t\t\t\t\t<div class=\"e-con-inner\">\n\t\t\t\t<div class=\"elementor-element elementor-element-33020bc elementor-widget elementor-widget-text-editor\" data-id=\"33020bc\" data-element_type=\"widget\" data-e-type=\"widget\" data-widget_type=\"text-editor.default\">\n\t\t\t\t<div class=\"elementor-widget-container\">\n\t\t\t\t\t\t\t\t\t<p>Bienvenidos a <em><strong>gestionesdika.es<\/strong><\/em> . El acceso y uso de este sitio web est\u00e1n sujetos a los siguientes t\u00e9rminos y condiciones y a la legislaci\u00f3n aplicable. Al utilizar este sitio, usted acepta estos t\u00e9rminos sin reservas.<br \/><br \/><strong>Titularidad de la p\u00e1gina web<\/strong>. El nombre del dominio catalinaperez.es , est\u00e1 registrado a favor del <strong>DIGNA KARINA MENA MORENO\u00a0<\/strong>Tel\u00e9fono de contacto +34 622 49 88 93.<\/p><p>\u00a0<\/p><p><strong>Propiedad Intelectual<\/strong>: Todos los contenidos de este sitio, incluyendo textos, gr\u00e1ficos, logos, y c\u00f3digo fuente, son propiedad exclusiva de <strong>gestionesdika<\/strong> o de terceros con autorizaci\u00f3n de uso, protegidos por la legislaci\u00f3n de propiedad intelectual.<\/p><p>\u00a0<\/p><p><strong>Uso de Contenido<\/strong>: Se proh\u00edbe la reproducci\u00f3n, distribuci\u00f3n, comunicaci\u00f3n p\u00fablica o transformaci\u00f3n de cualquier contenido de este sitio sin el consentimiento expreso de <strong>gestionesdika<\/strong>.<\/p><p>\u00a0<\/p><p><strong>Exenci\u00f3n de Responsabilidad<\/strong>: <strong>gestionesdika<\/strong> no se hace responsable de los da\u00f1os derivados del uso de este sitio web, ni de la informaci\u00f3n externa vinculada.<\/p><p>\u00a0<\/p><p><strong>Enlaces a Terceros<\/strong>: Este sitio puede contener enlaces a sitios web de terceros, cuyo contenido y pol\u00edtica de privacidad son independientes de <strong>gestionesdika<\/strong>.<\/p><p>\u00a0<\/p><p><strong>Modificaciones<\/strong>: <strong>gestionesdika<\/strong> se reserva el derecho a modificar estos t\u00e9rminos sin previo aviso. Las modificaciones entrar\u00e1n en vigor desde su publicaci\u00f3n en el sitio web.<\/p><p>\u00a0<\/p><p><strong>Legislaci\u00f3n y Jurisdicci\u00f3n<\/strong>: Este Aviso Legal se rige por la legislaci\u00f3n espa\u00f1ola. Cualquier disputa relacionada con el sitio web de <strong>gestionesdika<\/strong> ser\u00e1 sometida a los tribunales de Espa\u00f1a.<\/p><p>\u00a0<\/p><p><strong>Contacto<\/strong>: Para cualquier consulta relacionada con estos t\u00e9rminos, por favor, contacte con nosotros a trav\u00e9s de nuestro formulario web.<\/p><p>\u00a0<\/p><p>Gracias por visitar <span style=\"text-decoration: underline;\"><em><strong>gestionesdika.es<\/strong><\/em><\/span>.<\/p>\t\t\t\t\t\t\t\t<\/div>\n\t\t\t\t<\/div>\n\t\t\t\t\t<\/div>\n\t\t\t\t<\/div>\n\t\t\t\t<\/div>","protected":false},"excerpt":{"rendered":"<p>Bienvenidos a gestionesdika.es . El acceso y uso de este sitio web est\u00e1n sujetos a los siguientes t\u00e9rminos y condiciones y a la legislaci\u00f3n aplicable. Al utilizar este sitio, usted acepta estos t\u00e9rminos sin reservas. Titularidad de la p\u00e1gina web. El nombre del dominio catalinaperez.es , est\u00e1 registrado a favor del DIGNA KARINA MENA MORENO\u00a0Tel\u00e9fono [&hellip;]<\/p>\n","protected":false},"author":1,"featured_media":0,"parent":0,"menu_order":0,"comment_status":"closed","ping_status":"closed","template":"elementor_header_footer","meta":{"_bbp_topic_count":0,"_bbp_reply_count":0,"_bbp_total_topic_count":0,"_bbp_total_reply_count":0,"_bbp_voice_count":0,"_bbp_anonymous_reply_count":0,"_bbp_topic_count_hidden":0,"_bbp_reply_count_hidden":0,"_bbp_forum_subforum_count":0,"rank_math_lock_modified_date":false,"footnotes":""},"class_list":["post-1806","page","type-page","status-publish","hentry"],"yoast_head":"<!-- This site is optimized with the Yoast SEO plugin v25.6 - https:\/\/yoast.com\/wordpress\/plugins\/seo\/ -->\n<title>Aviso Legal - Gestiones Dika<\/title>\n<meta name=\"robots\" content=\"index, follow, max-snippet:-1, max-image-preview:large, max-video-preview:-1\" \/>\n<link rel=\"canonical\" href=\"https:\/\/gestionesdika.es\/en\/aviso-legal\/\" \/>\n<meta property=\"og:locale\" content=\"en_US\" \/>\n<meta property=\"og:type\" content=\"article\" \/>\n<meta property=\"og:title\" content=\"Aviso Legal - Gestiones Dika\" \/>\n<meta property=\"og:description\" content=\"Bienvenidos a gestionesdika.es . El acceso y uso de este sitio web est\u00e1n sujetos a los siguientes t\u00e9rminos y condiciones y a la legislaci\u00f3n aplicable. Al utilizar este sitio, usted acepta estos t\u00e9rminos sin reservas. Titularidad de la p\u00e1gina web. El nombre del dominio catalinaperez.es , est\u00e1 registrado a favor del DIGNA KARINA MENA MORENO\u00a0Tel\u00e9fono [&hellip;]\" \/>\n<meta property=\"og:url\" content=\"https:\/\/gestionesdika.es\/en\/aviso-legal\/\" \/>\n<meta property=\"og:site_name\" content=\"Gestiones Dika\" \/>\n<meta property=\"article:publisher\" content=\"https:\/\/www.facebook.com\/search\/top?q=gestiones%20dika\" \/>\n<meta property=\"article:modified_time\" content=\"2024-09-04T13:05:48+00:00\" \/>\n<meta name=\"twitter:card\" content=\"summary_large_image\" \/>\n<meta name=\"twitter:label1\" content=\"Est. reading time\" \/>\n\t<meta name=\"twitter:data1\" content=\"1 minute\" \/>\n<script type=\"application\/ld+json\" class=\"yoast-schema-graph\">{\"@context\":\"https:\/\/schema.org\",\"@graph\":[{\"@type\":\"WebPage\",\"@id\":\"https:\/\/gestionesdika.es\/aviso-legal\/\",\"url\":\"https:\/\/gestionesdika.es\/aviso-legal\/\",\"name\":\"Aviso Legal - Gestiones Dika\",\"isPartOf\":{\"@id\":\"https:\/\/gestionesdika.es\/#website\"},\"datePublished\":\"2024-09-04T11:55:30+00:00\",\"dateModified\":\"2024-09-04T13:05:48+00:00\",\"breadcrumb\":{\"@id\":\"https:\/\/gestionesdika.es\/aviso-legal\/#breadcrumb\"},\"inLanguage\":\"en-US\",\"potentialAction\":[{\"@type\":\"ReadAction\",\"target\":[\"https:\/\/gestionesdika.es\/aviso-legal\/\"]}]},{\"@type\":\"BreadcrumbList\",\"@id\":\"https:\/\/gestionesdika.es\/aviso-legal\/#breadcrumb\",\"itemListElement\":[{\"@type\":\"ListItem\",\"position\":1,\"name\":\"Portada\",\"item\":\"https:\/\/gestionesdika.es\/\"},{\"@type\":\"ListItem\",\"position\":2,\"name\":\"Aviso Legal\"}]},{\"@type\":\"WebSite\",\"@id\":\"https:\/\/gestionesdika.es\/#website\",\"url\":\"https:\/\/gestionesdika.es\/\",\"name\":\"Gestiones Dika\",\"description\":\"Asesor\u00eda Social y Jur\u00eddica para Migrar a Espa\u00f1a\",\"publisher\":{\"@id\":\"https:\/\/gestionesdika.es\/#organization\"},\"potentialAction\":[{\"@type\":\"SearchAction\",\"target\":{\"@type\":\"EntryPoint\",\"urlTemplate\":\"https:\/\/gestionesdika.es\/?s={search_term_string}\"},\"query-input\":{\"@type\":\"PropertyValueSpecification\",\"valueRequired\":true,\"valueName\":\"search_term_string\"}}],\"inLanguage\":\"en-US\"},{\"@type\":\"Organization\",\"@id\":\"https:\/\/gestionesdika.es\/#organization\",\"name\":\"Gestiones dika\",\"url\":\"https:\/\/gestionesdika.es\/\",\"logo\":{\"@type\":\"ImageObject\",\"inLanguage\":\"en-US\",\"@id\":\"https:\/\/gestionesdika.es\/#\/schema\/logo\/image\/\",\"url\":\"https:\/\/gestionesdika.es\/wp-content\/uploads\/2022\/10\/cropped-LOGO_DIKA__OK.jpg\",\"contentUrl\":\"https:\/\/gestionesdika.es\/wp-content\/uploads\/2022\/10\/cropped-LOGO_DIKA__OK.jpg\",\"width\":1500,\"height\":1006,\"caption\":\"Gestiones dika\"},\"image\":{\"@id\":\"https:\/\/gestionesdika.es\/#\/schema\/logo\/image\/\"},\"sameAs\":[\"https:\/\/www.facebook.com\/search\/top?q=gestiones dika\",\"https:\/\/www.instagram.com\/gestiones.dika\/\"]}]}<\/script>\n<!-- \/ Yoast SEO plugin. -->","yoast_head_json":{"title":"Aviso Legal - Gestiones Dika","robots":{"index":"index","follow":"follow","max-snippet":"max-snippet:-1","max-image-preview":"max-image-preview:large","max-video-preview":"max-video-preview:-1"},"canonical":"https:\/\/gestionesdika.es\/en\/aviso-legal\/","og_locale":"en_US","og_type":"article","og_title":"Aviso Legal - Gestiones Dika","og_description":"Bienvenidos a gestionesdika.es . El acceso y uso de este sitio web est\u00e1n sujetos a los siguientes t\u00e9rminos y condiciones y a la legislaci\u00f3n aplicable. Al utilizar este sitio, usted acepta estos t\u00e9rminos sin reservas. Titularidad de la p\u00e1gina web. El nombre del dominio catalinaperez.es , est\u00e1 registrado a favor del DIGNA KARINA MENA MORENO\u00a0Tel\u00e9fono [&hellip;]","og_url":"https:\/\/gestionesdika.es\/en\/aviso-legal\/","og_site_name":"Gestiones Dika","article_publisher":"https:\/\/www.facebook.com\/search\/top?q=gestiones%20dika","article_modified_time":"2024-09-04T13:05:48+00:00","twitter_card":"summary_large_image","twitter_misc":{"Est. reading time":"1 minute"},"schema":{"@context":"https:\/\/schema.org","@graph":[{"@type":"WebPage","@id":"https:\/\/gestionesdika.es\/aviso-legal\/","url":"https:\/\/gestionesdika.es\/aviso-legal\/","name":"Aviso Legal - Gestiones Dika","isPartOf":{"@id":"https:\/\/gestionesdika.es\/#website"},"datePublished":"2024-09-04T11:55:30+00:00","dateModified":"2024-09-04T13:05:48+00:00","breadcrumb":{"@id":"https:\/\/gestionesdika.es\/aviso-legal\/#breadcrumb"},"inLanguage":"en-US","potentialAction":[{"@type":"ReadAction","target":["https:\/\/gestionesdika.es\/aviso-legal\/"]}]},{"@type":"BreadcrumbList","@id":"https:\/\/gestionesdika.es\/aviso-legal\/#breadcrumb","itemListElement":[{"@type":"ListItem","position":1,"name":"Portada","item":"https:\/\/gestionesdika.es\/"},{"@type":"ListItem","position":2,"name":"Aviso Legal"}]},{"@type":"WebSite","@id":"https:\/\/gestionesdika.es\/#website","url":"https:\/\/gestionesdika.es\/","name":"Gestiones Dika","description":"Asesor\u00eda Social y Jur\u00eddica para Migrar a Espa\u00f1a","publisher":{"@id":"https:\/\/gestionesdika.es\/#organization"},"potentialAction":[{"@type":"SearchAction","target":{"@type":"EntryPoint","urlTemplate":"https:\/\/gestionesdika.es\/?s={search_term_string}"},"query-input":{"@type":"PropertyValueSpecification","valueRequired":true,"valueName":"search_term_string"}}],"inLanguage":"en-US"},{"@type":"Organization","@id":"https:\/\/gestionesdika.es\/#organization","name":"Gestiones dika","url":"https:\/\/gestionesdika.es\/","logo":{"@type":"ImageObject","inLanguage":"en-US","@id":"https:\/\/gestionesdika.es\/#\/schema\/logo\/image\/","url":"https:\/\/gestionesdika.es\/wp-content\/uploads\/2022\/10\/cropped-LOGO_DIKA__OK.jpg","contentUrl":"https:\/\/gestionesdika.es\/wp-content\/uploads\/2022\/10\/cropped-LOGO_DIKA__OK.jpg","width":1500,"height":1006,"caption":"Gestiones dika"},"image":{"@id":"https:\/\/gestionesdika.es\/#\/schema\/logo\/image\/"},"sameAs":["https:\/\/www.facebook.com\/search\/top?q=gestiones dika","https:\/\/www.instagram.com\/gestiones.dika\/"]}]}},"_links":{"self":[{"href":"https:\/\/gestionesdika.es\/en\/wp-json\/wp\/v2\/pages\/1806"}],"collection":[{"href":"https:\/\/gestionesdika.es\/en\/wp-json\/wp\/v2\/pages"}],"about":[{"href":"https:\/\/gestionesdika.es\/en\/wp-json\/wp\/v2\/types\/page"}],"author":[{"embeddable":true,"href":"https:\/\/gestionesdika.es\/en\/wp-json\/wp\/v2\/users\/1"}],"replies":[{"embeddable":true,"href":"https:\/\/gestionesdika.es\/en\/wp-json\/wp\/v2\/comments?post=1806"}],"version-history":[{"count":7,"href":"https:\/\/gestionesdika.es\/en\/wp-json\/wp\/v2\/pages\/1806\/revisions"}],"predecessor-version":[{"id":1875,"href":"https:\/\/gestionesdika.es\/en\/wp-json\/wp\/v2\/pages\/1806\/revisions\/1875"}],"wp:attachment":[{"href":"https:\/\/gestionesdika.es\/en\/wp-json\/wp\/v2\/media?parent=1806"}],"curies":[{"name":"wp","href":"https:\/\/api.w.org\/{rel}","templated":true}]}}