{"id":386,"date":"2022-06-12T14:32:52","date_gmt":"2022-06-12T14:32:52","guid":{"rendered":"https:\/\/gestionesdika.es\/?page_id=386"},"modified":"2023-09-27T16:10:38","modified_gmt":"2023-09-27T16:10:38","slug":"opiniones","status":"publish","type":"page","link":"https:\/\/gestionesdika.es\/en\/opiniones\/","title":{"rendered":"Opiniones"},"content":{"rendered":"\t\t<div data-elementor-type=\"wp-page\" data-elementor-id=\"386\" class=\"elementor elementor-386\" data-elementor-post-type=\"page\">\n\t\t\t\t\t\t<section class=\"elementor-section elementor-top-section elementor-element elementor-element-730e489 elementor-section-boxed elementor-section-height-default elementor-section-height-default\" data-id=\"730e489\" data-element_type=\"section\" data-e-type=\"section\">\n\t\t\t\t\t\t<div class=\"elementor-container elementor-column-gap-default\">\n\t\t\t\t\t<div class=\"elementor-column elementor-col-100 elementor-top-column elementor-element elementor-element-ea96b90\" data-id=\"ea96b90\" data-element_type=\"column\" data-e-type=\"column\">\n\t\t\t<div class=\"elementor-widget-wrap elementor-element-populated\">\n\t\t\t\t\t\t<div class=\"elementor-element elementor-element-36a7b98 elementor-widget elementor-widget-wpforms\" data-id=\"36a7b98\" data-element_type=\"widget\" data-e-type=\"widget\" data-widget_type=\"wpforms.default\">\n\t\t\t\t<div class=\"elementor-widget-container\">\n\t\t\t\t\t<div class=\"wpforms-container wpforms-container-full\" id=\"wpforms-388\"><form id=\"wpforms-form-388\" class=\"wpforms-validate wpforms-form wpforms-ajax-form\" data-formid=\"388\" method=\"post\" enctype=\"multipart\/form-data\" action=\"\/en\/wp-json\/wp\/v2\/pages\/386\" data-token=\"e984cc6cfa2628e4f5e014c816568105\" data-token-time=\"1776423918\"><noscript class=\"wpforms-error-noscript\">Please enable JavaScript in your browser to complete this form.<\/noscript><div class=\"wpforms-field-container\"><div id=\"wpforms-388-field_1-container\" class=\"wpforms-field wpforms-field-name\" data-field-id=\"1\"><label class=\"wpforms-field-label\">Nombre <span class=\"wpforms-required-label\">*<\/span><\/label><div class=\"wpforms-field-row wpforms-field-medium\"><div class=\"wpforms-field-row-block wpforms-first wpforms-one-half\"><input type=\"text\" id=\"wpforms-388-field_1\" class=\"wpforms-field-name-first wpforms-field-required\" name=\"wpforms[fields][1][first]\" required><label for=\"wpforms-388-field_1\" class=\"wpforms-field-sublabel after\">First<\/label><\/div><div class=\"wpforms-field-row-block wpforms-one-half\"><input type=\"text\" id=\"wpforms-388-field_1-last\" class=\"wpforms-field-name-last wpforms-field-required\" name=\"wpforms[fields][1][last]\" required><label for=\"wpforms-388-field_1-last\" class=\"wpforms-field-sublabel after\">Last<\/label><\/div><\/div><\/div><div id=\"wpforms-388-field_4-container\" class=\"wpforms-field wpforms-field-text\" data-field-id=\"4\"><label class=\"wpforms-field-label\" for=\"wpforms-388-field_4\">Tr\u00e1mite <\/label><input type=\"text\" id=\"wpforms-388-field_4\" class=\"wpforms-field-medium\" name=\"wpforms[fields][4]\" ><\/div><div id=\"wpforms-388-field_5-container\" class=\"wpforms-field wpforms-field-text\" data-field-id=\"5\"><label class=\"wpforms-field-label\" for=\"wpforms-388-field_5\">Correo  <span class=\"wpforms-required-label\">*<\/span><\/label><input type=\"text\" id=\"wpforms-388-field_5\" class=\"wpforms-field-medium wpforms-field-required\" name=\"wpforms[fields][5]\" required><\/div><div id=\"wpforms-388-field_3-container\" class=\"wpforms-field wpforms-field-textarea\" data-field-id=\"3\"><label class=\"wpforms-field-label\" for=\"wpforms-388-field_3\">Comparte tu experiencia <\/label><textarea id=\"wpforms-388-field_3\" class=\"wpforms-field-medium\" name=\"wpforms[fields][3]\" ><\/textarea><\/div><\/div><!-- .wpforms-field-container --><div class=\"wpforms-submit-container\" ><input type=\"hidden\" name=\"wpforms[id]\" value=\"388\"><input type=\"hidden\" name=\"page_title\" value=\"\"><input type=\"hidden\" name=\"page_url\" value=\"https:\/\/gestionesdika.es\/en\/wp-json\/wp\/v2\/pages\/386\"><input type=\"hidden\" name=\"url_referer\" value=\"\"><button type=\"submit\" name=\"wpforms[submit]\" id=\"wpforms-submit-388\" class=\"wpforms-submit\" data-alt-text=\"Enviando...\" data-submit-text=\"Enviar\" aria-live=\"assertive\" value=\"wpforms-submit\">Enviar<\/button><img decoding=\"async\" src=\"https:\/\/gestionesdika.es\/wp-content\/plugins\/wpforms-lite\/assets\/images\/submit-spin.svg\" class=\"wpforms-submit-spinner\" style=\"display: none;\" width=\"26\" height=\"26\" alt=\"Loading\"><\/div><\/form><\/div>  <!-- .wpforms-container -->\t\t\t\t<\/div>\n\t\t\t\t<\/div>\n\t\t\t\t\t<\/div>\n\t\t<\/div>\n\t\t\t\t\t<\/div>\n\t\t<\/section>\n\t\t\t\t<section class=\"elementor-section elementor-top-section elementor-element elementor-element-91e726f elementor-section-height-min-height elementor-section-full_width elementor-section-content-middle elementor-section-height-default elementor-section-items-middle\" data-id=\"91e726f\" data-element_type=\"section\" data-e-type=\"section\" data-settings=\"{&quot;background_background&quot;:&quot;gradient&quot;,&quot;background_motion_fx_motion_fx_scrolling&quot;:&quot;yes&quot;,&quot;background_motion_fx_translateY_speed&quot;:{&quot;unit&quot;:&quot;px&quot;,&quot;size&quot;:10,&quot;sizes&quot;:[]},&quot;background_motion_fx_devices&quot;:[&quot;desktop&quot;],&quot;background_motion_fx_translateY_effect&quot;:&quot;yes&quot;,&quot;background_motion_fx_translateY_affectedRange&quot;:{&quot;unit&quot;:&quot;%&quot;,&quot;size&quot;:&quot;&quot;,&quot;sizes&quot;:{&quot;start&quot;:0,&quot;end&quot;:100}}}\">\n\t\t\t\t\t\t<div class=\"elementor-container elementor-column-gap-wider\">\n\t\t\t\t\t<div class=\"elementor-column elementor-col-33 elementor-top-column elementor-element elementor-element-fb5d3fb\" data-id=\"fb5d3fb\" data-element_type=\"column\" data-e-type=\"column\">\n\t\t\t<div class=\"elementor-widget-wrap\">\n\t\t\t\t\t\t\t<\/div>\n\t\t<\/div>\n\t\t\t\t<div class=\"elementor-column elementor-col-33 elementor-top-column elementor-element elementor-element-e3768d1\" data-id=\"e3768d1\" data-element_type=\"column\" data-e-type=\"column\">\n\t\t\t<div class=\"elementor-widget-wrap elementor-element-populated\">\n\t\t\t\t\t\t<div class=\"elementor-element elementor-element-0541323 elementor-widget__width-auto elementor-widget elementor-widget-heading\" data-id=\"0541323\" data-element_type=\"widget\" data-e-type=\"widget\" data-widget_type=\"heading.default\">\n\t\t\t\t<div class=\"elementor-widget-container\">\n\t\t\t\t\t<div class=\"elementor-heading-title elementor-size-default\">comprometidos con tu PROCESO<\/div>\t\t\t\t<\/div>\n\t\t\t\t<\/div>\n\t\t\t\t<div class=\"elementor-element elementor-element-66668b0 elementor-widget elementor-widget-heading\" data-id=\"66668b0\" data-element_type=\"widget\" data-e-type=\"widget\" data-widget_type=\"heading.default\">\n\t\t\t\t<div class=\"elementor-widget-container\">\n\t\t\t\t\t<h2 class=\"elementor-heading-title elementor-size-default\">\u00bfHas tenido una buena experiencia?<\/h2>\t\t\t\t<\/div>\n\t\t\t\t<\/div>\n\t\t\t\t<div class=\"elementor-element elementor-element-4ae57e5 elementor-widget elementor-widget-text-editor\" data-id=\"4ae57e5\" data-element_type=\"widget\" data-e-type=\"widget\" data-widget_type=\"text-editor.default\">\n\t\t\t\t<div class=\"elementor-widget-container\">\n\t\t\t\t\t\t\t\t\t<p>\u00a0\u00a1Cal\u00edficanos en Google!\u00a0Tu opini\u00f3n cuenta mucho para nosotros.<\/p>\t\t\t\t\t\t\t\t<\/div>\n\t\t\t\t<\/div>\n\t\t\t\t<div class=\"elementor-element elementor-element-ac007d0 elementor-mobile-align-center elementor-widget__width-auto elementor-widget-mobile__width-inherit elementor-widget elementor-widget-button\" data-id=\"ac007d0\" data-element_type=\"widget\" data-e-type=\"widget\" data-widget_type=\"button.default\">\n\t\t\t\t<div class=\"elementor-widget-container\">\n\t\t\t\t\t\t\t\t\t<div class=\"elementor-button-wrapper\">\n\t\t\t\t\t<a class=\"elementor-button elementor-button-link elementor-size-md elementor-animation-grow\" href=\"https:\/\/g.page\/r\/CUA5G1rm-4p4EB0\/review\" target=\"_blank\">\n\t\t\t\t\t\t<span class=\"elementor-button-content-wrapper\">\n\t\t\t\t\t\t<span class=\"elementor-button-icon\">\n\t\t\t\t<i aria-hidden=\"true\" class=\"far fa-check-square\"><\/i>\t\t\t<\/span>\n\t\t\t\t\t\t\t\t\t<span class=\"elementor-button-text\">Calif\u00edcanos aqu\u00ed<\/span>\n\t\t\t\t\t<\/span>\n\t\t\t\t\t<\/a>\n\t\t\t\t<\/div>\n\t\t\t\t\t\t\t\t<\/div>\n\t\t\t\t<\/div>\n\t\t\t\t\t<\/div>\n\t\t<\/div>\n\t\t\t\t<div class=\"elementor-column elementor-col-33 elementor-top-column elementor-element elementor-element-3c95d8c\" data-id=\"3c95d8c\" data-element_type=\"column\" data-e-type=\"column\">\n\t\t\t<div class=\"elementor-widget-wrap elementor-element-populated\">\n\t\t\t\t\t\t<div class=\"elementor-element elementor-element-24d9559 elementor-widget__width-initial elementor-widget elementor-widget-image\" data-id=\"24d9559\" data-element_type=\"widget\" data-e-type=\"widget\" data-widget_type=\"image.default\">\n\t\t\t\t<div class=\"elementor-widget-container\">\n\t\t\t\t\t\t\t\t\t\t\t\t\t\t\t<img fetchpriority=\"high\" decoding=\"async\" width=\"800\" height=\"529\" src=\"https:\/\/gestionesdika.es\/wp-content\/uploads\/2023\/09\/Horizontal-NEGRO-1024x677.png\" class=\"attachment-large size-large wp-image-998\" alt=\"\" srcset=\"https:\/\/gestionesdika.es\/wp-content\/uploads\/2023\/09\/Horizontal-NEGRO-1024x677.png 1024w, https:\/\/gestionesdika.es\/wp-content\/uploads\/2023\/09\/Horizontal-NEGRO-300x198.png 300w, https:\/\/gestionesdika.es\/wp-content\/uploads\/2023\/09\/Horizontal-NEGRO-768x507.png 768w, https:\/\/gestionesdika.es\/wp-content\/uploads\/2023\/09\/Horizontal-NEGRO-1536x1015.png 1536w, https:\/\/gestionesdika.es\/wp-content\/uploads\/2023\/09\/Horizontal-NEGRO-2048x1353.png 2048w, https:\/\/gestionesdika.es\/wp-content\/uploads\/2023\/09\/Horizontal-NEGRO-18x12.png 18w\" sizes=\"(max-width: 800px) 100vw, 800px\" \/>\t\t\t\t\t\t\t\t\t\t\t\t\t\t\t<\/div>\n\t\t\t\t<\/div>\n\t\t\t\t\t<\/div>\n\t\t<\/div>\n\t\t\t\t\t<\/div>\n\t\t<\/section>\n\t\t\t\t<\/div>\n\t\t","protected":false},"excerpt":{"rendered":"<p>Por favor, activa JavaScript en tu navegador para completar este formulario.Nombre *NombreApellidosTr\u00e1mite Correo *Comparte tu experiencia Enviar comprometidos con tu PROCESO \u00bfHas tenido una buena experiencia? \u00a0\u00a1Cal\u00edficanos en Google!\u00a0Tu opini\u00f3n cuenta mucho para nosotros. Calif\u00edcanos aqu\u00ed<\/p>","protected":false},"author":1,"featured_media":0,"parent":0,"menu_order":0,"comment_status":"open","ping_status":"closed","template":"","meta":{"_bbp_topic_count":0,"_bbp_reply_count":0,"_bbp_total_topic_count":0,"_bbp_total_reply_count":0,"_bbp_voice_count":0,"_bbp_anonymous_reply_count":0,"_bbp_topic_count_hidden":0,"_bbp_reply_count_hidden":0,"_bbp_forum_subforum_count":0,"rank_math_lock_modified_date":false,"footnotes":""},"class_list":["post-386","page","type-page","status-publish","hentry"],"yoast_head":"<!-- This site is optimized with the Yoast SEO plugin v25.6 - https:\/\/yoast.com\/wordpress\/plugins\/seo\/ -->\n<title>Opiniones - Gestiones Dika<\/title>\n<meta name=\"robots\" content=\"index, follow, max-snippet:-1, max-image-preview:large, max-video-preview:-1\" \/>\n<link rel=\"canonical\" href=\"https:\/\/gestionesdika.es\/en\/opiniones\/\" \/>\n<meta property=\"og:locale\" content=\"en_US\" \/>\n<meta property=\"og:type\" content=\"article\" \/>\n<meta property=\"og:title\" content=\"Opiniones - Gestiones Dika\" \/>\n<meta property=\"og:description\" content=\"Por favor, activa JavaScript en tu navegador para completar este formulario.Nombre *NombreApellidosTr\u00e1mite Correo *Comparte tu experiencia Enviar comprometidos con tu PROCESO \u00bfHas tenido una buena experiencia? \u00a0\u00a1Cal\u00edficanos en Google!\u00a0Tu opini\u00f3n cuenta mucho para nosotros. Calif\u00edcanos aqu\u00ed\" \/>\n<meta property=\"og:url\" content=\"https:\/\/gestionesdika.es\/en\/opiniones\/\" \/>\n<meta property=\"og:site_name\" content=\"Gestiones Dika\" \/>\n<meta property=\"article:publisher\" content=\"https:\/\/www.facebook.com\/search\/top?q=gestiones%20dika\" \/>\n<meta property=\"article:modified_time\" content=\"2023-09-27T16:10:38+00:00\" \/>\n<meta property=\"og:image\" content=\"https:\/\/gestionesdika.es\/wp-content\/plugins\/wpforms-lite\/assets\/images\/submit-spin.svg\" \/>\n<meta name=\"twitter:card\" content=\"summary_large_image\" \/>\n<meta name=\"twitter:label1\" content=\"Est. reading time\" \/>\n\t<meta name=\"twitter:data1\" content=\"1 minute\" \/>\n<script type=\"application\/ld+json\" class=\"yoast-schema-graph\">{\"@context\":\"https:\/\/schema.org\",\"@graph\":[{\"@type\":\"WebPage\",\"@id\":\"https:\/\/gestionesdika.es\/opiniones\/\",\"url\":\"https:\/\/gestionesdika.es\/opiniones\/\",\"name\":\"Opiniones - Gestiones Dika\",\"isPartOf\":{\"@id\":\"https:\/\/gestionesdika.es\/#website\"},\"primaryImageOfPage\":{\"@id\":\"https:\/\/gestionesdika.es\/opiniones\/#primaryimage\"},\"image\":{\"@id\":\"https:\/\/gestionesdika.es\/opiniones\/#primaryimage\"},\"thumbnailUrl\":\"https:\/\/gestionesdika.es\/wp-content\/plugins\/wpforms-lite\/assets\/images\/submit-spin.svg\",\"datePublished\":\"2022-06-12T14:32:52+00:00\",\"dateModified\":\"2023-09-27T16:10:38+00:00\",\"breadcrumb\":{\"@id\":\"https:\/\/gestionesdika.es\/opiniones\/#breadcrumb\"},\"inLanguage\":\"en-US\",\"potentialAction\":[{\"@type\":\"ReadAction\",\"target\":[\"https:\/\/gestionesdika.es\/opiniones\/\"]}]},{\"@type\":\"ImageObject\",\"inLanguage\":\"en-US\",\"@id\":\"https:\/\/gestionesdika.es\/opiniones\/#primaryimage\",\"url\":\"https:\/\/gestionesdika.es\/wp-content\/plugins\/wpforms-lite\/assets\/images\/submit-spin.svg\",\"contentUrl\":\"https:\/\/gestionesdika.es\/wp-content\/plugins\/wpforms-lite\/assets\/images\/submit-spin.svg\"},{\"@type\":\"BreadcrumbList\",\"@id\":\"https:\/\/gestionesdika.es\/opiniones\/#breadcrumb\",\"itemListElement\":[{\"@type\":\"ListItem\",\"position\":1,\"name\":\"Portada\",\"item\":\"https:\/\/gestionesdika.es\/\"},{\"@type\":\"ListItem\",\"position\":2,\"name\":\"Opiniones\"}]},{\"@type\":\"WebSite\",\"@id\":\"https:\/\/gestionesdika.es\/#website\",\"url\":\"https:\/\/gestionesdika.es\/\",\"name\":\"Gestiones Dika\",\"description\":\"Asesor\u00eda Social y Jur\u00eddica para Migrar a Espa\u00f1a\",\"publisher\":{\"@id\":\"https:\/\/gestionesdika.es\/#organization\"},\"potentialAction\":[{\"@type\":\"SearchAction\",\"target\":{\"@type\":\"EntryPoint\",\"urlTemplate\":\"https:\/\/gestionesdika.es\/?s={search_term_string}\"},\"query-input\":{\"@type\":\"PropertyValueSpecification\",\"valueRequired\":true,\"valueName\":\"search_term_string\"}}],\"inLanguage\":\"en-US\"},{\"@type\":\"Organization\",\"@id\":\"https:\/\/gestionesdika.es\/#organization\",\"name\":\"Gestiones dika\",\"url\":\"https:\/\/gestionesdika.es\/\",\"logo\":{\"@type\":\"ImageObject\",\"inLanguage\":\"en-US\",\"@id\":\"https:\/\/gestionesdika.es\/#\/schema\/logo\/image\/\",\"url\":\"https:\/\/gestionesdika.es\/wp-content\/uploads\/2022\/10\/cropped-LOGO_DIKA__OK.jpg\",\"contentUrl\":\"https:\/\/gestionesdika.es\/wp-content\/uploads\/2022\/10\/cropped-LOGO_DIKA__OK.jpg\",\"width\":1500,\"height\":1006,\"caption\":\"Gestiones dika\"},\"image\":{\"@id\":\"https:\/\/gestionesdika.es\/#\/schema\/logo\/image\/\"},\"sameAs\":[\"https:\/\/www.facebook.com\/search\/top?q=gestiones dika\",\"https:\/\/www.instagram.com\/gestiones.dika\/\"]}]}<\/script>\n<!-- \/ Yoast SEO plugin. -->","yoast_head_json":{"title":"Opiniones - Gestiones Dika","robots":{"index":"index","follow":"follow","max-snippet":"max-snippet:-1","max-image-preview":"max-image-preview:large","max-video-preview":"max-video-preview:-1"},"canonical":"https:\/\/gestionesdika.es\/en\/opiniones\/","og_locale":"en_US","og_type":"article","og_title":"Opiniones - Gestiones Dika","og_description":"Por favor, activa JavaScript en tu navegador para completar este formulario.Nombre *NombreApellidosTr\u00e1mite Correo *Comparte tu experiencia Enviar comprometidos con tu PROCESO \u00bfHas tenido una buena experiencia? \u00a0\u00a1Cal\u00edficanos en Google!\u00a0Tu opini\u00f3n cuenta mucho para nosotros. Calif\u00edcanos aqu\u00ed","og_url":"https:\/\/gestionesdika.es\/en\/opiniones\/","og_site_name":"Gestiones Dika","article_publisher":"https:\/\/www.facebook.com\/search\/top?q=gestiones%20dika","article_modified_time":"2023-09-27T16:10:38+00:00","og_image":[{"url":"https:\/\/gestionesdika.es\/wp-content\/plugins\/wpforms-lite\/assets\/images\/submit-spin.svg","type":"","width":"","height":""}],"twitter_card":"summary_large_image","twitter_misc":{"Est. reading time":"1 minute"},"schema":{"@context":"https:\/\/schema.org","@graph":[{"@type":"WebPage","@id":"https:\/\/gestionesdika.es\/opiniones\/","url":"https:\/\/gestionesdika.es\/opiniones\/","name":"Opiniones - Gestiones Dika","isPartOf":{"@id":"https:\/\/gestionesdika.es\/#website"},"primaryImageOfPage":{"@id":"https:\/\/gestionesdika.es\/opiniones\/#primaryimage"},"image":{"@id":"https:\/\/gestionesdika.es\/opiniones\/#primaryimage"},"thumbnailUrl":"https:\/\/gestionesdika.es\/wp-content\/plugins\/wpforms-lite\/assets\/images\/submit-spin.svg","datePublished":"2022-06-12T14:32:52+00:00","dateModified":"2023-09-27T16:10:38+00:00","breadcrumb":{"@id":"https:\/\/gestionesdika.es\/opiniones\/#breadcrumb"},"inLanguage":"en-US","potentialAction":[{"@type":"ReadAction","target":["https:\/\/gestionesdika.es\/opiniones\/"]}]},{"@type":"ImageObject","inLanguage":"en-US","@id":"https:\/\/gestionesdika.es\/opiniones\/#primaryimage","url":"https:\/\/gestionesdika.es\/wp-content\/plugins\/wpforms-lite\/assets\/images\/submit-spin.svg","contentUrl":"https:\/\/gestionesdika.es\/wp-content\/plugins\/wpforms-lite\/assets\/images\/submit-spin.svg"},{"@type":"BreadcrumbList","@id":"https:\/\/gestionesdika.es\/opiniones\/#breadcrumb","itemListElement":[{"@type":"ListItem","position":1,"name":"Portada","item":"https:\/\/gestionesdika.es\/"},{"@type":"ListItem","position":2,"name":"Opiniones"}]},{"@type":"WebSite","@id":"https:\/\/gestionesdika.es\/#website","url":"https:\/\/gestionesdika.es\/","name":"Gestiones Dika","description":"Asesor\u00eda Social y Jur\u00eddica para Migrar a Espa\u00f1a","publisher":{"@id":"https:\/\/gestionesdika.es\/#organization"},"potentialAction":[{"@type":"SearchAction","target":{"@type":"EntryPoint","urlTemplate":"https:\/\/gestionesdika.es\/?s={search_term_string}"},"query-input":{"@type":"PropertyValueSpecification","valueRequired":true,"valueName":"search_term_string"}}],"inLanguage":"en-US"},{"@type":"Organization","@id":"https:\/\/gestionesdika.es\/#organization","name":"Gestiones dika","url":"https:\/\/gestionesdika.es\/","logo":{"@type":"ImageObject","inLanguage":"en-US","@id":"https:\/\/gestionesdika.es\/#\/schema\/logo\/image\/","url":"https:\/\/gestionesdika.es\/wp-content\/uploads\/2022\/10\/cropped-LOGO_DIKA__OK.jpg","contentUrl":"https:\/\/gestionesdika.es\/wp-content\/uploads\/2022\/10\/cropped-LOGO_DIKA__OK.jpg","width":1500,"height":1006,"caption":"Gestiones dika"},"image":{"@id":"https:\/\/gestionesdika.es\/#\/schema\/logo\/image\/"},"sameAs":["https:\/\/www.facebook.com\/search\/top?q=gestiones dika","https:\/\/www.instagram.com\/gestiones.dika\/"]}]}},"_links":{"self":[{"href":"https:\/\/gestionesdika.es\/en\/wp-json\/wp\/v2\/pages\/386"}],"collection":[{"href":"https:\/\/gestionesdika.es\/en\/wp-json\/wp\/v2\/pages"}],"about":[{"href":"https:\/\/gestionesdika.es\/en\/wp-json\/wp\/v2\/types\/page"}],"author":[{"embeddable":true,"href":"https:\/\/gestionesdika.es\/en\/wp-json\/wp\/v2\/users\/1"}],"replies":[{"embeddable":true,"href":"https:\/\/gestionesdika.es\/en\/wp-json\/wp\/v2\/comments?post=386"}],"version-history":[{"count":8,"href":"https:\/\/gestionesdika.es\/en\/wp-json\/wp\/v2\/pages\/386\/revisions"}],"predecessor-version":[{"id":1177,"href":"https:\/\/gestionesdika.es\/en\/wp-json\/wp\/v2\/pages\/386\/revisions\/1177"}],"wp:attachment":[{"href":"https:\/\/gestionesdika.es\/en\/wp-json\/wp\/v2\/media?parent=386"}],"curies":[{"name":"wp","href":"https:\/\/api.w.org\/{rel}","templated":true}]}}