{"id":1647,"date":"2024-07-10T18:37:27","date_gmt":"2024-07-10T18:37:27","guid":{"rendered":"https:\/\/gestionesdika.es\/?post_type=product&#038;p=1647"},"modified":"2025-10-21T18:53:48","modified_gmt":"2025-10-21T16:53:48","slug":"consultoria-general","status":"publish","type":"product","link":"https:\/\/gestionesdika.es\/en\/product\/consultoria-general\/","title":{"rendered":"Asesor\u00eda General en Extranjer\u00eda"},"content":{"rendered":"<p>Beneficios Clave:<\/p>\n<p>&#8211; Consultor\u00eda personalizada adaptada a tus necesidades.<\/p>\n<p>&#8211; Asistencia en la preparaci\u00f3n y presentaci\u00f3n de documentos.<\/p>\n<p>&#8211; Acompa\u00f1amiento en el proceso de solicitud de visados y permisos.<\/p>\n<p>&#8211; Asesor\u00eda en la renovaci\u00f3n y regularizaci\u00f3n de estatus migratorio.<\/p>\n<p>&#8211; Representaci\u00f3n ante autoridades migratorias.<\/p>\n<p>&nbsp;<\/p>\n<p>&nbsp;<\/p>","protected":false},"excerpt":{"rendered":"<p>Asesor\u00eda Integral en Extranjer\u00eda &#8211; Migrar<\/p>\n<p>Ofrecemos asesor\u00eda completa en temas de extranjer\u00eda para ayudarte a navegar el proceso migratorio con confianza. Nuestro equipo de expertos est\u00e1 preparado para brindarte apoyo en cada etapa de tu tr\u00e1mite.<\/p>\n<p>Una vez recibido el pago, un asesor se pondr\u00e1 en contacto contigo v\u00eda WhatsApp para acordar el d\u00eda y la hora. Gracias<\/p>","protected":false},"featured_media":1769,"comment_status":"closed","ping_status":"closed","template":"","meta":{"_bbp_topic_count":0,"_bbp_reply_count":0,"_bbp_total_topic_count":0,"_bbp_total_reply_count":0,"_bbp_voice_count":0,"_bbp_anonymous_reply_count":0,"_bbp_topic_count_hidden":0,"_bbp_reply_count_hidden":0,"_bbp_forum_subforum_count":0,"rank_math_lock_modified_date":false},"product_cat":[30],"product_tag":[33],"class_list":{"0":"post-1647","1":"product","2":"type-product","3":"status-publish","4":"has-post-thumbnail","6":"product_cat-consultoria","7":"product_tag-extranjeria","9":"first","10":"instock","11":"shipping-taxable","12":"purchasable","13":"product-type-simple"},"yoast_head":"<!-- This site is optimized with the Yoast SEO plugin v25.6 - https:\/\/yoast.com\/wordpress\/plugins\/seo\/ -->\n<title>Asesor\u00eda General en Extranjer\u00eda - Gestiones Dika<\/title>\n<meta name=\"robots\" content=\"index, follow, max-snippet:-1, max-image-preview:large, max-video-preview:-1\" \/>\n<link rel=\"canonical\" href=\"https:\/\/gestionesdika.es\/en\/product\/consultoria-general\/\" \/>\n<meta property=\"og:locale\" content=\"en_US\" \/>\n<meta property=\"og:type\" content=\"article\" \/>\n<meta property=\"og:title\" content=\"Asesor\u00eda General en Extranjer\u00eda - Gestiones Dika\" \/>\n<meta property=\"og:description\" content=\"Asesor\u00eda Integral en Extranjer\u00eda - Migrar  Ofrecemos asesor\u00eda completa en temas de extranjer\u00eda para ayudarte a navegar el proceso migratorio con confianza. Nuestro equipo de expertos est\u00e1 preparado para brindarte apoyo en cada etapa de tu tr\u00e1mite.  Una vez recibido el pago, un asesor se pondr\u00e1 en contacto contigo v\u00eda WhatsApp para acordar el d\u00eda y la hora. Gracias\" \/>\n<meta property=\"og:url\" content=\"https:\/\/gestionesdika.es\/en\/product\/consultoria-general\/\" \/>\n<meta property=\"og:site_name\" content=\"Gestiones Dika\" \/>\n<meta property=\"article:publisher\" content=\"https:\/\/www.facebook.com\/search\/top?q=gestiones%20dika\" \/>\n<meta property=\"article:modified_time\" content=\"2025-10-21T16:53:48+00:00\" \/>\n<meta property=\"og:image\" content=\"http:\/\/gestionesdika.es\/wp-content\/uploads\/2024\/08\/consultoria2.png\" \/>\n\t<meta property=\"og:image:width\" content=\"523\" \/>\n\t<meta property=\"og:image:height\" content=\"343\" \/>\n\t<meta property=\"og:image:type\" content=\"image\/png\" \/>\n<meta name=\"twitter:card\" content=\"summary_large_image\" \/>\n<script type=\"application\/ld+json\" class=\"yoast-schema-graph\">{\"@context\":\"https:\/\/schema.org\",\"@graph\":[{\"@type\":\"WebPage\",\"@id\":\"https:\/\/gestionesdika.es\/producto\/consultoria-general\/\",\"url\":\"https:\/\/gestionesdika.es\/producto\/consultoria-general\/\",\"name\":\"Asesor\u00eda General en Extranjer\u00eda - Gestiones Dika\",\"isPartOf\":{\"@id\":\"https:\/\/gestionesdika.es\/#website\"},\"primaryImageOfPage\":{\"@id\":\"https:\/\/gestionesdika.es\/producto\/consultoria-general\/#primaryimage\"},\"image\":{\"@id\":\"https:\/\/gestionesdika.es\/producto\/consultoria-general\/#primaryimage\"},\"thumbnailUrl\":\"https:\/\/gestionesdika.es\/wp-content\/uploads\/2024\/08\/consultoria2.png\",\"datePublished\":\"2024-07-10T18:37:27+00:00\",\"dateModified\":\"2025-10-21T16:53:48+00:00\",\"breadcrumb\":{\"@id\":\"https:\/\/gestionesdika.es\/producto\/consultoria-general\/#breadcrumb\"},\"inLanguage\":\"en-US\",\"potentialAction\":[{\"@type\":\"ReadAction\",\"target\":[\"https:\/\/gestionesdika.es\/producto\/consultoria-general\/\"]}]},{\"@type\":\"ImageObject\",\"inLanguage\":\"en-US\",\"@id\":\"https:\/\/gestionesdika.es\/producto\/consultoria-general\/#primaryimage\",\"url\":\"https:\/\/gestionesdika.es\/wp-content\/uploads\/2024\/08\/consultoria2.png\",\"contentUrl\":\"https:\/\/gestionesdika.es\/wp-content\/uploads\/2024\/08\/consultoria2.png\",\"width\":523,\"height\":343,\"caption\":\"Sesi\u00f3n de Consultor\u00eda\"},{\"@type\":\"BreadcrumbList\",\"@id\":\"https:\/\/gestionesdika.es\/producto\/consultoria-general\/#breadcrumb\",\"itemListElement\":[{\"@type\":\"ListItem\",\"position\":1,\"name\":\"Portada\",\"item\":\"https:\/\/gestionesdika.es\/\"},{\"@type\":\"ListItem\",\"position\":2,\"name\":\"Tienda\",\"item\":\"https:\/\/gestionesdika.es\/tienda\/\"},{\"@type\":\"ListItem\",\"position\":3,\"name\":\"Asesor\u00eda General en Extranjer\u00eda\"}]},{\"@type\":\"WebSite\",\"@id\":\"https:\/\/gestionesdika.es\/#website\",\"url\":\"https:\/\/gestionesdika.es\/\",\"name\":\"Gestiones Dika\",\"description\":\"Asesor\u00eda Social y Jur\u00eddica para Migrar a Espa\u00f1a\",\"publisher\":{\"@id\":\"https:\/\/gestionesdika.es\/#organization\"},\"potentialAction\":[{\"@type\":\"SearchAction\",\"target\":{\"@type\":\"EntryPoint\",\"urlTemplate\":\"https:\/\/gestionesdika.es\/?s={search_term_string}\"},\"query-input\":{\"@type\":\"PropertyValueSpecification\",\"valueRequired\":true,\"valueName\":\"search_term_string\"}}],\"inLanguage\":\"en-US\"},{\"@type\":\"Organization\",\"@id\":\"https:\/\/gestionesdika.es\/#organization\",\"name\":\"Gestiones dika\",\"url\":\"https:\/\/gestionesdika.es\/\",\"logo\":{\"@type\":\"ImageObject\",\"inLanguage\":\"en-US\",\"@id\":\"https:\/\/gestionesdika.es\/#\/schema\/logo\/image\/\",\"url\":\"https:\/\/gestionesdika.es\/wp-content\/uploads\/2022\/10\/cropped-LOGO_DIKA__OK.jpg\",\"contentUrl\":\"https:\/\/gestionesdika.es\/wp-content\/uploads\/2022\/10\/cropped-LOGO_DIKA__OK.jpg\",\"width\":1500,\"height\":1006,\"caption\":\"Gestiones dika\"},\"image\":{\"@id\":\"https:\/\/gestionesdika.es\/#\/schema\/logo\/image\/\"},\"sameAs\":[\"https:\/\/www.facebook.com\/search\/top?q=gestiones dika\",\"https:\/\/www.instagram.com\/gestiones.dika\/\"]}]}<\/script>\n<!-- \/ Yoast SEO plugin. -->","yoast_head_json":{"title":"Asesor\u00eda General en Extranjer\u00eda - Gestiones Dika","robots":{"index":"index","follow":"follow","max-snippet":"max-snippet:-1","max-image-preview":"max-image-preview:large","max-video-preview":"max-video-preview:-1"},"canonical":"https:\/\/gestionesdika.es\/en\/product\/consultoria-general\/","og_locale":"en_US","og_type":"article","og_title":"Asesor\u00eda General en Extranjer\u00eda - Gestiones Dika","og_description":"Asesor\u00eda Integral en Extranjer\u00eda - Migrar  Ofrecemos asesor\u00eda completa en temas de extranjer\u00eda para ayudarte a navegar el proceso migratorio con confianza. Nuestro equipo de expertos est\u00e1 preparado para brindarte apoyo en cada etapa de tu tr\u00e1mite.  Una vez recibido el pago, un asesor se pondr\u00e1 en contacto contigo v\u00eda WhatsApp para acordar el d\u00eda y la hora. Gracias","og_url":"https:\/\/gestionesdika.es\/en\/product\/consultoria-general\/","og_site_name":"Gestiones Dika","article_publisher":"https:\/\/www.facebook.com\/search\/top?q=gestiones%20dika","article_modified_time":"2025-10-21T16:53:48+00:00","og_image":[{"width":523,"height":343,"url":"http:\/\/gestionesdika.es\/wp-content\/uploads\/2024\/08\/consultoria2.png","type":"image\/png"}],"twitter_card":"summary_large_image","schema":{"@context":"https:\/\/schema.org","@graph":[{"@type":"WebPage","@id":"https:\/\/gestionesdika.es\/producto\/consultoria-general\/","url":"https:\/\/gestionesdika.es\/producto\/consultoria-general\/","name":"Asesor\u00eda General en Extranjer\u00eda - Gestiones Dika","isPartOf":{"@id":"https:\/\/gestionesdika.es\/#website"},"primaryImageOfPage":{"@id":"https:\/\/gestionesdika.es\/producto\/consultoria-general\/#primaryimage"},"image":{"@id":"https:\/\/gestionesdika.es\/producto\/consultoria-general\/#primaryimage"},"thumbnailUrl":"https:\/\/gestionesdika.es\/wp-content\/uploads\/2024\/08\/consultoria2.png","datePublished":"2024-07-10T18:37:27+00:00","dateModified":"2025-10-21T16:53:48+00:00","breadcrumb":{"@id":"https:\/\/gestionesdika.es\/producto\/consultoria-general\/#breadcrumb"},"inLanguage":"en-US","potentialAction":[{"@type":"ReadAction","target":["https:\/\/gestionesdika.es\/producto\/consultoria-general\/"]}]},{"@type":"ImageObject","inLanguage":"en-US","@id":"https:\/\/gestionesdika.es\/producto\/consultoria-general\/#primaryimage","url":"https:\/\/gestionesdika.es\/wp-content\/uploads\/2024\/08\/consultoria2.png","contentUrl":"https:\/\/gestionesdika.es\/wp-content\/uploads\/2024\/08\/consultoria2.png","width":523,"height":343,"caption":"Sesi\u00f3n de Consultor\u00eda"},{"@type":"BreadcrumbList","@id":"https:\/\/gestionesdika.es\/producto\/consultoria-general\/#breadcrumb","itemListElement":[{"@type":"ListItem","position":1,"name":"Portada","item":"https:\/\/gestionesdika.es\/"},{"@type":"ListItem","position":2,"name":"Tienda","item":"https:\/\/gestionesdika.es\/tienda\/"},{"@type":"ListItem","position":3,"name":"Asesor\u00eda General en Extranjer\u00eda"}]},{"@type":"WebSite","@id":"https:\/\/gestionesdika.es\/#website","url":"https:\/\/gestionesdika.es\/","name":"Gestiones Dika","description":"Asesor\u00eda Social y Jur\u00eddica para Migrar a Espa\u00f1a","publisher":{"@id":"https:\/\/gestionesdika.es\/#organization"},"potentialAction":[{"@type":"SearchAction","target":{"@type":"EntryPoint","urlTemplate":"https:\/\/gestionesdika.es\/?s={search_term_string}"},"query-input":{"@type":"PropertyValueSpecification","valueRequired":true,"valueName":"search_term_string"}}],"inLanguage":"en-US"},{"@type":"Organization","@id":"https:\/\/gestionesdika.es\/#organization","name":"Gestiones dika","url":"https:\/\/gestionesdika.es\/","logo":{"@type":"ImageObject","inLanguage":"en-US","@id":"https:\/\/gestionesdika.es\/#\/schema\/logo\/image\/","url":"https:\/\/gestionesdika.es\/wp-content\/uploads\/2022\/10\/cropped-LOGO_DIKA__OK.jpg","contentUrl":"https:\/\/gestionesdika.es\/wp-content\/uploads\/2022\/10\/cropped-LOGO_DIKA__OK.jpg","width":1500,"height":1006,"caption":"Gestiones dika"},"image":{"@id":"https:\/\/gestionesdika.es\/#\/schema\/logo\/image\/"},"sameAs":["https:\/\/www.facebook.com\/search\/top?q=gestiones dika","https:\/\/www.instagram.com\/gestiones.dika\/"]}]}},"_links":{"self":[{"href":"https:\/\/gestionesdika.es\/en\/wp-json\/wp\/v2\/product\/1647"}],"collection":[{"href":"https:\/\/gestionesdika.es\/en\/wp-json\/wp\/v2\/product"}],"about":[{"href":"https:\/\/gestionesdika.es\/en\/wp-json\/wp\/v2\/types\/product"}],"replies":[{"embeddable":true,"href":"https:\/\/gestionesdika.es\/en\/wp-json\/wp\/v2\/comments?post=1647"}],"wp:featuredmedia":[{"embeddable":true,"href":"https:\/\/gestionesdika.es\/en\/wp-json\/wp\/v2\/media\/1769"}],"wp:attachment":[{"href":"https:\/\/gestionesdika.es\/en\/wp-json\/wp\/v2\/media?parent=1647"}],"wp:term":[{"taxonomy":"product_cat","embeddable":true,"href":"https:\/\/gestionesdika.es\/en\/wp-json\/wp\/v2\/product_cat?post=1647"},{"taxonomy":"product_tag","embeddable":true,"href":"https:\/\/gestionesdika.es\/en\/wp-json\/wp\/v2\/product_tag?post=1647"}],"curies":[{"name":"wp","href":"https:\/\/api.w.org\/{rel}","templated":true}]}}