{"id":1771,"date":"2024-08-20T19:49:13","date_gmt":"2024-08-20T19:49:13","guid":{"rendered":"https:\/\/gestionesdika.es\/?post_type=product&#038;p=1771"},"modified":"2025-10-21T18:53:41","modified_gmt":"2025-10-21T16:53:41","slug":"guia-completa-para-el-arraigo-para-la-formacion-en-espana","status":"publish","type":"product","link":"https:\/\/gestionesdika.es\/en\/product\/guia-completa-para-el-arraigo-para-la-formacion-en-espana\/","title":{"rendered":"GU\u00cdA COMPLETA PARA EL ARRAIGO PARA LA FORMACI\u00d3N EN ESPA\u00d1A"},"content":{"rendered":"<p>\u00bfQu\u00e9 es el Arraigo para la Formaci\u00f3n?<\/p>\n<p>El arraigo para la formaci\u00f3n es una autorizaci\u00f3n de residencia temporal destinada a<br \/>\nextranjeros que se encuentren en Espa\u00f1a en situaci\u00f3n irregular y que deseen regularizar<br \/>\nsu situaci\u00f3n mediante un compromiso de formaci\u00f3n que les permita obtener un empleo<br \/>\nposterior en el pa\u00eds.<\/p>","protected":false},"excerpt":{"rendered":"<p>El arraigo para la formaci\u00f3n es una v\u00eda que permite a extranjeros en situaci\u00f3n irregular<br \/>\nen Espa\u00f1a obtener una autorizaci\u00f3n de residencia temporal si se comprometen a realizar<br \/>\nuna formaci\u00f3n orientada a la inserci\u00f3n laboral.<\/p>","protected":false},"featured_media":1772,"comment_status":"closed","ping_status":"closed","template":"","meta":{"_bbp_topic_count":0,"_bbp_reply_count":0,"_bbp_total_topic_count":0,"_bbp_total_reply_count":0,"_bbp_voice_count":0,"_bbp_anonymous_reply_count":0,"_bbp_topic_count_hidden":0,"_bbp_reply_count_hidden":0,"_bbp_forum_subforum_count":0,"rank_math_lock_modified_date":false},"product_cat":[34],"product_tag":[],"class_list":{"0":"post-1771","1":"product","2":"type-product","3":"status-publish","4":"has-post-thumbnail","6":"product_cat-arraigos","8":"first","9":"instock","10":"downloadable","11":"virtual","12":"purchasable","13":"product-type-simple"},"yoast_head":"<!-- This site is optimized with the Yoast SEO plugin v25.6 - https:\/\/yoast.com\/wordpress\/plugins\/seo\/ -->\n<title>GU\u00cdA COMPLETA PARA EL ARRAIGO PARA LA FORMACI\u00d3N EN ESPA\u00d1A - Gestiones Dika<\/title>\n<meta name=\"robots\" content=\"index, follow, max-snippet:-1, max-image-preview:large, max-video-preview:-1\" \/>\n<link rel=\"canonical\" href=\"https:\/\/gestionesdika.es\/en\/product\/guia-completa-para-el-arraigo-para-la-formacion-en-espana\/\" \/>\n<meta property=\"og:locale\" content=\"en_US\" \/>\n<meta property=\"og:type\" content=\"article\" \/>\n<meta property=\"og:title\" content=\"GU\u00cdA COMPLETA PARA EL ARRAIGO PARA LA FORMACI\u00d3N EN ESPA\u00d1A - Gestiones Dika\" \/>\n<meta property=\"og:description\" content=\"El arraigo para la formaci\u00f3n es una v\u00eda que permite a extranjeros en situaci\u00f3n irregular en Espa\u00f1a obtener una autorizaci\u00f3n de residencia temporal si se comprometen a realizar una formaci\u00f3n orientada a la inserci\u00f3n laboral.\" \/>\n<meta property=\"og:url\" content=\"https:\/\/gestionesdika.es\/en\/product\/guia-completa-para-el-arraigo-para-la-formacion-en-espana\/\" \/>\n<meta property=\"og:site_name\" content=\"Gestiones Dika\" \/>\n<meta property=\"article:publisher\" content=\"https:\/\/www.facebook.com\/search\/top?q=gestiones%20dika\" \/>\n<meta property=\"article:modified_time\" content=\"2025-10-21T16:53:41+00:00\" \/>\n<meta property=\"og:image\" content=\"http:\/\/gestionesdika.es\/wp-content\/uploads\/2024\/08\/Estudios-extranjeros.png\" \/>\n\t<meta property=\"og:image:width\" content=\"420\" \/>\n\t<meta property=\"og:image:height\" content=\"286\" \/>\n\t<meta property=\"og:image:type\" content=\"image\/png\" \/>\n<meta name=\"twitter:card\" content=\"summary_large_image\" \/>\n<script type=\"application\/ld+json\" class=\"yoast-schema-graph\">{\"@context\":\"https:\/\/schema.org\",\"@graph\":[{\"@type\":\"WebPage\",\"@id\":\"https:\/\/gestionesdika.es\/producto\/guia-completa-para-el-arraigo-para-la-formacion-en-espana\/\",\"url\":\"https:\/\/gestionesdika.es\/producto\/guia-completa-para-el-arraigo-para-la-formacion-en-espana\/\",\"name\":\"GU\u00cdA COMPLETA PARA EL ARRAIGO PARA LA FORMACI\u00d3N EN ESPA\u00d1A - Gestiones Dika\",\"isPartOf\":{\"@id\":\"https:\/\/gestionesdika.es\/#website\"},\"primaryImageOfPage\":{\"@id\":\"https:\/\/gestionesdika.es\/producto\/guia-completa-para-el-arraigo-para-la-formacion-en-espana\/#primaryimage\"},\"image\":{\"@id\":\"https:\/\/gestionesdika.es\/producto\/guia-completa-para-el-arraigo-para-la-formacion-en-espana\/#primaryimage\"},\"thumbnailUrl\":\"https:\/\/gestionesdika.es\/wp-content\/uploads\/2024\/08\/Estudios-extranjeros.png\",\"datePublished\":\"2024-08-20T19:49:13+00:00\",\"dateModified\":\"2025-10-21T16:53:41+00:00\",\"breadcrumb\":{\"@id\":\"https:\/\/gestionesdika.es\/producto\/guia-completa-para-el-arraigo-para-la-formacion-en-espana\/#breadcrumb\"},\"inLanguage\":\"en-US\",\"potentialAction\":[{\"@type\":\"ReadAction\",\"target\":[\"https:\/\/gestionesdika.es\/producto\/guia-completa-para-el-arraigo-para-la-formacion-en-espana\/\"]}]},{\"@type\":\"ImageObject\",\"inLanguage\":\"en-US\",\"@id\":\"https:\/\/gestionesdika.es\/producto\/guia-completa-para-el-arraigo-para-la-formacion-en-espana\/#primaryimage\",\"url\":\"https:\/\/gestionesdika.es\/wp-content\/uploads\/2024\/08\/Estudios-extranjeros.png\",\"contentUrl\":\"https:\/\/gestionesdika.es\/wp-content\/uploads\/2024\/08\/Estudios-extranjeros.png\",\"width\":420,\"height\":286,\"caption\":\"Estudiantes para el arraigo mediante formaci\u00f3n\"},{\"@type\":\"BreadcrumbList\",\"@id\":\"https:\/\/gestionesdika.es\/producto\/guia-completa-para-el-arraigo-para-la-formacion-en-espana\/#breadcrumb\",\"itemListElement\":[{\"@type\":\"ListItem\",\"position\":1,\"name\":\"Portada\",\"item\":\"https:\/\/gestionesdika.es\/\"},{\"@type\":\"ListItem\",\"position\":2,\"name\":\"Tienda\",\"item\":\"https:\/\/gestionesdika.es\/tienda\/\"},{\"@type\":\"ListItem\",\"position\":3,\"name\":\"GU\u00cdA COMPLETA PARA EL ARRAIGO PARA LA FORMACI\u00d3N EN ESPA\u00d1A\"}]},{\"@type\":\"WebSite\",\"@id\":\"https:\/\/gestionesdika.es\/#website\",\"url\":\"https:\/\/gestionesdika.es\/\",\"name\":\"Gestiones Dika\",\"description\":\"Asesor\u00eda Social y Jur\u00eddica para Migrar a Espa\u00f1a\",\"publisher\":{\"@id\":\"https:\/\/gestionesdika.es\/#organization\"},\"potentialAction\":[{\"@type\":\"SearchAction\",\"target\":{\"@type\":\"EntryPoint\",\"urlTemplate\":\"https:\/\/gestionesdika.es\/?s={search_term_string}\"},\"query-input\":{\"@type\":\"PropertyValueSpecification\",\"valueRequired\":true,\"valueName\":\"search_term_string\"}}],\"inLanguage\":\"en-US\"},{\"@type\":\"Organization\",\"@id\":\"https:\/\/gestionesdika.es\/#organization\",\"name\":\"Gestiones dika\",\"url\":\"https:\/\/gestionesdika.es\/\",\"logo\":{\"@type\":\"ImageObject\",\"inLanguage\":\"en-US\",\"@id\":\"https:\/\/gestionesdika.es\/#\/schema\/logo\/image\/\",\"url\":\"https:\/\/gestionesdika.es\/wp-content\/uploads\/2022\/10\/cropped-LOGO_DIKA__OK.jpg\",\"contentUrl\":\"https:\/\/gestionesdika.es\/wp-content\/uploads\/2022\/10\/cropped-LOGO_DIKA__OK.jpg\",\"width\":1500,\"height\":1006,\"caption\":\"Gestiones dika\"},\"image\":{\"@id\":\"https:\/\/gestionesdika.es\/#\/schema\/logo\/image\/\"},\"sameAs\":[\"https:\/\/www.facebook.com\/search\/top?q=gestiones dika\",\"https:\/\/www.instagram.com\/gestiones.dika\/\"]}]}<\/script>\n<!-- \/ Yoast SEO plugin. -->","yoast_head_json":{"title":"GU\u00cdA COMPLETA PARA EL ARRAIGO PARA LA FORMACI\u00d3N EN ESPA\u00d1A - Gestiones Dika","robots":{"index":"index","follow":"follow","max-snippet":"max-snippet:-1","max-image-preview":"max-image-preview:large","max-video-preview":"max-video-preview:-1"},"canonical":"https:\/\/gestionesdika.es\/en\/product\/guia-completa-para-el-arraigo-para-la-formacion-en-espana\/","og_locale":"en_US","og_type":"article","og_title":"GU\u00cdA COMPLETA PARA EL ARRAIGO PARA LA FORMACI\u00d3N EN ESPA\u00d1A - Gestiones Dika","og_description":"El arraigo para la formaci\u00f3n es una v\u00eda que permite a extranjeros en situaci\u00f3n irregular en Espa\u00f1a obtener una autorizaci\u00f3n de residencia temporal si se comprometen a realizar una formaci\u00f3n orientada a la inserci\u00f3n laboral.","og_url":"https:\/\/gestionesdika.es\/en\/product\/guia-completa-para-el-arraigo-para-la-formacion-en-espana\/","og_site_name":"Gestiones Dika","article_publisher":"https:\/\/www.facebook.com\/search\/top?q=gestiones%20dika","article_modified_time":"2025-10-21T16:53:41+00:00","og_image":[{"width":420,"height":286,"url":"http:\/\/gestionesdika.es\/wp-content\/uploads\/2024\/08\/Estudios-extranjeros.png","type":"image\/png"}],"twitter_card":"summary_large_image","schema":{"@context":"https:\/\/schema.org","@graph":[{"@type":"WebPage","@id":"https:\/\/gestionesdika.es\/producto\/guia-completa-para-el-arraigo-para-la-formacion-en-espana\/","url":"https:\/\/gestionesdika.es\/producto\/guia-completa-para-el-arraigo-para-la-formacion-en-espana\/","name":"GU\u00cdA COMPLETA PARA EL ARRAIGO PARA LA FORMACI\u00d3N EN ESPA\u00d1A - Gestiones Dika","isPartOf":{"@id":"https:\/\/gestionesdika.es\/#website"},"primaryImageOfPage":{"@id":"https:\/\/gestionesdika.es\/producto\/guia-completa-para-el-arraigo-para-la-formacion-en-espana\/#primaryimage"},"image":{"@id":"https:\/\/gestionesdika.es\/producto\/guia-completa-para-el-arraigo-para-la-formacion-en-espana\/#primaryimage"},"thumbnailUrl":"https:\/\/gestionesdika.es\/wp-content\/uploads\/2024\/08\/Estudios-extranjeros.png","datePublished":"2024-08-20T19:49:13+00:00","dateModified":"2025-10-21T16:53:41+00:00","breadcrumb":{"@id":"https:\/\/gestionesdika.es\/producto\/guia-completa-para-el-arraigo-para-la-formacion-en-espana\/#breadcrumb"},"inLanguage":"en-US","potentialAction":[{"@type":"ReadAction","target":["https:\/\/gestionesdika.es\/producto\/guia-completa-para-el-arraigo-para-la-formacion-en-espana\/"]}]},{"@type":"ImageObject","inLanguage":"en-US","@id":"https:\/\/gestionesdika.es\/producto\/guia-completa-para-el-arraigo-para-la-formacion-en-espana\/#primaryimage","url":"https:\/\/gestionesdika.es\/wp-content\/uploads\/2024\/08\/Estudios-extranjeros.png","contentUrl":"https:\/\/gestionesdika.es\/wp-content\/uploads\/2024\/08\/Estudios-extranjeros.png","width":420,"height":286,"caption":"Estudiantes para el arraigo mediante formaci\u00f3n"},{"@type":"BreadcrumbList","@id":"https:\/\/gestionesdika.es\/producto\/guia-completa-para-el-arraigo-para-la-formacion-en-espana\/#breadcrumb","itemListElement":[{"@type":"ListItem","position":1,"name":"Portada","item":"https:\/\/gestionesdika.es\/"},{"@type":"ListItem","position":2,"name":"Tienda","item":"https:\/\/gestionesdika.es\/tienda\/"},{"@type":"ListItem","position":3,"name":"GU\u00cdA COMPLETA PARA EL ARRAIGO PARA LA FORMACI\u00d3N EN ESPA\u00d1A"}]},{"@type":"WebSite","@id":"https:\/\/gestionesdika.es\/#website","url":"https:\/\/gestionesdika.es\/","name":"Gestiones Dika","description":"Asesor\u00eda Social y Jur\u00eddica para Migrar a Espa\u00f1a","publisher":{"@id":"https:\/\/gestionesdika.es\/#organization"},"potentialAction":[{"@type":"SearchAction","target":{"@type":"EntryPoint","urlTemplate":"https:\/\/gestionesdika.es\/?s={search_term_string}"},"query-input":{"@type":"PropertyValueSpecification","valueRequired":true,"valueName":"search_term_string"}}],"inLanguage":"en-US"},{"@type":"Organization","@id":"https:\/\/gestionesdika.es\/#organization","name":"Gestiones dika","url":"https:\/\/gestionesdika.es\/","logo":{"@type":"ImageObject","inLanguage":"en-US","@id":"https:\/\/gestionesdika.es\/#\/schema\/logo\/image\/","url":"https:\/\/gestionesdika.es\/wp-content\/uploads\/2022\/10\/cropped-LOGO_DIKA__OK.jpg","contentUrl":"https:\/\/gestionesdika.es\/wp-content\/uploads\/2022\/10\/cropped-LOGO_DIKA__OK.jpg","width":1500,"height":1006,"caption":"Gestiones dika"},"image":{"@id":"https:\/\/gestionesdika.es\/#\/schema\/logo\/image\/"},"sameAs":["https:\/\/www.facebook.com\/search\/top?q=gestiones dika","https:\/\/www.instagram.com\/gestiones.dika\/"]}]}},"_links":{"self":[{"href":"https:\/\/gestionesdika.es\/en\/wp-json\/wp\/v2\/product\/1771"}],"collection":[{"href":"https:\/\/gestionesdika.es\/en\/wp-json\/wp\/v2\/product"}],"about":[{"href":"https:\/\/gestionesdika.es\/en\/wp-json\/wp\/v2\/types\/product"}],"replies":[{"embeddable":true,"href":"https:\/\/gestionesdika.es\/en\/wp-json\/wp\/v2\/comments?post=1771"}],"wp:featuredmedia":[{"embeddable":true,"href":"https:\/\/gestionesdika.es\/en\/wp-json\/wp\/v2\/media\/1772"}],"wp:attachment":[{"href":"https:\/\/gestionesdika.es\/en\/wp-json\/wp\/v2\/media?parent=1771"}],"wp:term":[{"taxonomy":"product_cat","embeddable":true,"href":"https:\/\/gestionesdika.es\/en\/wp-json\/wp\/v2\/product_cat?post=1771"},{"taxonomy":"product_tag","embeddable":true,"href":"https:\/\/gestionesdika.es\/en\/wp-json\/wp\/v2\/product_tag?post=1771"}],"curies":[{"name":"wp","href":"https:\/\/api.w.org\/{rel}","templated":true}]}}