{"id":1782,"date":"2024-08-22T08:17:23","date_gmt":"2024-08-22T08:17:23","guid":{"rendered":"https:\/\/gestionesdika.es\/?post_type=product&#038;p=1782"},"modified":"2025-10-21T18:53:21","modified_gmt":"2025-10-21T16:53:21","slug":"guia-completa-para-la-homologacion-de-titulos-en-el-extranjero","status":"publish","type":"product","link":"https:\/\/gestionesdika.es\/en\/product\/guia-completa-para-la-homologacion-de-titulos-en-el-extranjero\/","title":{"rendered":"GU\u00cdA COMPLETA PARA LA HOMOLOGACI\u00d3N DE T\u00cdTULOS EN EL EXTRANJERO"},"content":{"rendered":"<p>La homologaci\u00f3n de t\u00edtulos en el extranjero es un proceso necesario para que los<br \/>\nestudios realizados en un pa\u00eds sean reconocidos oficialmente en otro. A continuaci\u00f3n, te<br \/>\npresentamos una gu\u00eda completa paso a paso, tomando como ejemplo el proceso de<br \/>\nhomologaci\u00f3n en Espa\u00f1a, que incluye el formulario, los tiempos estimados y la<br \/>\nlegislaci\u00f3n aplicable.<\/p>","protected":false},"excerpt":{"rendered":"<p>Esta gu\u00eda est\u00e1 dise\u00f1ada para proporcionar una visi\u00f3n general del proceso de<br \/>\nhomologaci\u00f3n de t\u00edtulos en el extranjero, tomando Espa\u00f1a como ejemplo. Es importante<br \/>\nadaptar estos pasos a las normativas espec\u00edficas del pa\u00eds donde desees homologar tu<br \/>\nt\u00edtulo.<\/p>","protected":false},"featured_media":1783,"comment_status":"closed","ping_status":"closed","template":"","meta":{"_bbp_topic_count":0,"_bbp_reply_count":0,"_bbp_total_topic_count":0,"_bbp_total_reply_count":0,"_bbp_voice_count":0,"_bbp_anonymous_reply_count":0,"_bbp_topic_count_hidden":0,"_bbp_reply_count_hidden":0,"_bbp_forum_subforum_count":0,"rank_math_lock_modified_date":false},"product_cat":[35],"product_tag":[],"class_list":{"0":"post-1782","1":"product","2":"type-product","3":"status-publish","4":"has-post-thumbnail","6":"product_cat-homologaciones","8":"first","9":"instock","10":"downloadable","11":"virtual","12":"purchasable","13":"product-type-simple"},"yoast_head":"<!-- This site is optimized with the Yoast SEO plugin v25.6 - https:\/\/yoast.com\/wordpress\/plugins\/seo\/ -->\n<title>GU\u00cdA COMPLETA PARA LA HOMOLOGACI\u00d3N DE T\u00cdTULOS EN EL EXTRANJERO - Gestiones Dika<\/title>\n<meta name=\"robots\" content=\"index, follow, max-snippet:-1, max-image-preview:large, max-video-preview:-1\" \/>\n<link rel=\"canonical\" href=\"https:\/\/gestionesdika.es\/en\/product\/guia-completa-para-la-homologacion-de-titulos-en-el-extranjero\/\" \/>\n<meta property=\"og:locale\" content=\"en_US\" \/>\n<meta property=\"og:type\" content=\"article\" \/>\n<meta property=\"og:title\" content=\"GU\u00cdA COMPLETA PARA LA HOMOLOGACI\u00d3N DE T\u00cdTULOS EN EL EXTRANJERO - Gestiones Dika\" \/>\n<meta property=\"og:description\" content=\"Esta gu\u00eda est\u00e1 dise\u00f1ada para proporcionar una visi\u00f3n general del proceso de homologaci\u00f3n de t\u00edtulos en el extranjero, tomando Espa\u00f1a como ejemplo. Es importante adaptar estos pasos a las normativas espec\u00edficas del pa\u00eds donde desees homologar tu t\u00edtulo.\" \/>\n<meta property=\"og:url\" content=\"https:\/\/gestionesdika.es\/en\/product\/guia-completa-para-la-homologacion-de-titulos-en-el-extranjero\/\" \/>\n<meta property=\"og:site_name\" content=\"Gestiones Dika\" \/>\n<meta property=\"article:publisher\" content=\"https:\/\/www.facebook.com\/search\/top?q=gestiones%20dika\" \/>\n<meta property=\"article:modified_time\" content=\"2025-10-21T16:53:21+00:00\" \/>\n<meta property=\"og:image\" content=\"http:\/\/gestionesdika.es\/wp-content\/uploads\/2024\/08\/titulo-universitario.png\" \/>\n\t<meta property=\"og:image:width\" content=\"513\" \/>\n\t<meta property=\"og:image:height\" content=\"360\" \/>\n\t<meta property=\"og:image:type\" content=\"image\/png\" \/>\n<meta name=\"twitter:card\" content=\"summary_large_image\" \/>\n<script type=\"application\/ld+json\" class=\"yoast-schema-graph\">{\"@context\":\"https:\/\/schema.org\",\"@graph\":[{\"@type\":\"WebPage\",\"@id\":\"https:\/\/gestionesdika.es\/producto\/guia-completa-para-la-homologacion-de-titulos-en-el-extranjero\/\",\"url\":\"https:\/\/gestionesdika.es\/producto\/guia-completa-para-la-homologacion-de-titulos-en-el-extranjero\/\",\"name\":\"GU\u00cdA COMPLETA PARA LA HOMOLOGACI\u00d3N DE T\u00cdTULOS EN EL EXTRANJERO - Gestiones Dika\",\"isPartOf\":{\"@id\":\"https:\/\/gestionesdika.es\/#website\"},\"primaryImageOfPage\":{\"@id\":\"https:\/\/gestionesdika.es\/producto\/guia-completa-para-la-homologacion-de-titulos-en-el-extranjero\/#primaryimage\"},\"image\":{\"@id\":\"https:\/\/gestionesdika.es\/producto\/guia-completa-para-la-homologacion-de-titulos-en-el-extranjero\/#primaryimage\"},\"thumbnailUrl\":\"https:\/\/gestionesdika.es\/wp-content\/uploads\/2024\/08\/titulo-universitario.png\",\"datePublished\":\"2024-08-22T08:17:23+00:00\",\"dateModified\":\"2025-10-21T16:53:21+00:00\",\"breadcrumb\":{\"@id\":\"https:\/\/gestionesdika.es\/producto\/guia-completa-para-la-homologacion-de-titulos-en-el-extranjero\/#breadcrumb\"},\"inLanguage\":\"en-US\",\"potentialAction\":[{\"@type\":\"ReadAction\",\"target\":[\"https:\/\/gestionesdika.es\/producto\/guia-completa-para-la-homologacion-de-titulos-en-el-extranjero\/\"]}]},{\"@type\":\"ImageObject\",\"inLanguage\":\"en-US\",\"@id\":\"https:\/\/gestionesdika.es\/producto\/guia-completa-para-la-homologacion-de-titulos-en-el-extranjero\/#primaryimage\",\"url\":\"https:\/\/gestionesdika.es\/wp-content\/uploads\/2024\/08\/titulo-universitario.png\",\"contentUrl\":\"https:\/\/gestionesdika.es\/wp-content\/uploads\/2024\/08\/titulo-universitario.png\",\"width\":513,\"height\":360,\"caption\":\"GU\u00cdA COMPLETA PARA LA HOMOLOGACI\u00d3N DE T\u00cdTULOS EN EL EXTRANJERO\"},{\"@type\":\"BreadcrumbList\",\"@id\":\"https:\/\/gestionesdika.es\/producto\/guia-completa-para-la-homologacion-de-titulos-en-el-extranjero\/#breadcrumb\",\"itemListElement\":[{\"@type\":\"ListItem\",\"position\":1,\"name\":\"Portada\",\"item\":\"https:\/\/gestionesdika.es\/\"},{\"@type\":\"ListItem\",\"position\":2,\"name\":\"Tienda\",\"item\":\"https:\/\/gestionesdika.es\/tienda\/\"},{\"@type\":\"ListItem\",\"position\":3,\"name\":\"GU\u00cdA COMPLETA PARA LA HOMOLOGACI\u00d3N DE T\u00cdTULOS EN EL EXTRANJERO\"}]},{\"@type\":\"WebSite\",\"@id\":\"https:\/\/gestionesdika.es\/#website\",\"url\":\"https:\/\/gestionesdika.es\/\",\"name\":\"Gestiones Dika\",\"description\":\"Asesor\u00eda Social y Jur\u00eddica para Migrar a Espa\u00f1a\",\"publisher\":{\"@id\":\"https:\/\/gestionesdika.es\/#organization\"},\"potentialAction\":[{\"@type\":\"SearchAction\",\"target\":{\"@type\":\"EntryPoint\",\"urlTemplate\":\"https:\/\/gestionesdika.es\/?s={search_term_string}\"},\"query-input\":{\"@type\":\"PropertyValueSpecification\",\"valueRequired\":true,\"valueName\":\"search_term_string\"}}],\"inLanguage\":\"en-US\"},{\"@type\":\"Organization\",\"@id\":\"https:\/\/gestionesdika.es\/#organization\",\"name\":\"Gestiones dika\",\"url\":\"https:\/\/gestionesdika.es\/\",\"logo\":{\"@type\":\"ImageObject\",\"inLanguage\":\"en-US\",\"@id\":\"https:\/\/gestionesdika.es\/#\/schema\/logo\/image\/\",\"url\":\"https:\/\/gestionesdika.es\/wp-content\/uploads\/2022\/10\/cropped-LOGO_DIKA__OK.jpg\",\"contentUrl\":\"https:\/\/gestionesdika.es\/wp-content\/uploads\/2022\/10\/cropped-LOGO_DIKA__OK.jpg\",\"width\":1500,\"height\":1006,\"caption\":\"Gestiones dika\"},\"image\":{\"@id\":\"https:\/\/gestionesdika.es\/#\/schema\/logo\/image\/\"},\"sameAs\":[\"https:\/\/www.facebook.com\/search\/top?q=gestiones dika\",\"https:\/\/www.instagram.com\/gestiones.dika\/\"]}]}<\/script>\n<!-- \/ Yoast SEO plugin. -->","yoast_head_json":{"title":"GU\u00cdA COMPLETA PARA LA HOMOLOGACI\u00d3N DE T\u00cdTULOS EN EL EXTRANJERO - Gestiones Dika","robots":{"index":"index","follow":"follow","max-snippet":"max-snippet:-1","max-image-preview":"max-image-preview:large","max-video-preview":"max-video-preview:-1"},"canonical":"https:\/\/gestionesdika.es\/en\/product\/guia-completa-para-la-homologacion-de-titulos-en-el-extranjero\/","og_locale":"en_US","og_type":"article","og_title":"GU\u00cdA COMPLETA PARA LA HOMOLOGACI\u00d3N DE T\u00cdTULOS EN EL EXTRANJERO - Gestiones Dika","og_description":"Esta gu\u00eda est\u00e1 dise\u00f1ada para proporcionar una visi\u00f3n general del proceso de homologaci\u00f3n de t\u00edtulos en el extranjero, tomando Espa\u00f1a como ejemplo. Es importante adaptar estos pasos a las normativas espec\u00edficas del pa\u00eds donde desees homologar tu t\u00edtulo.","og_url":"https:\/\/gestionesdika.es\/en\/product\/guia-completa-para-la-homologacion-de-titulos-en-el-extranjero\/","og_site_name":"Gestiones Dika","article_publisher":"https:\/\/www.facebook.com\/search\/top?q=gestiones%20dika","article_modified_time":"2025-10-21T16:53:21+00:00","og_image":[{"width":513,"height":360,"url":"http:\/\/gestionesdika.es\/wp-content\/uploads\/2024\/08\/titulo-universitario.png","type":"image\/png"}],"twitter_card":"summary_large_image","schema":{"@context":"https:\/\/schema.org","@graph":[{"@type":"WebPage","@id":"https:\/\/gestionesdika.es\/producto\/guia-completa-para-la-homologacion-de-titulos-en-el-extranjero\/","url":"https:\/\/gestionesdika.es\/producto\/guia-completa-para-la-homologacion-de-titulos-en-el-extranjero\/","name":"GU\u00cdA COMPLETA PARA LA HOMOLOGACI\u00d3N DE T\u00cdTULOS EN EL EXTRANJERO - Gestiones Dika","isPartOf":{"@id":"https:\/\/gestionesdika.es\/#website"},"primaryImageOfPage":{"@id":"https:\/\/gestionesdika.es\/producto\/guia-completa-para-la-homologacion-de-titulos-en-el-extranjero\/#primaryimage"},"image":{"@id":"https:\/\/gestionesdika.es\/producto\/guia-completa-para-la-homologacion-de-titulos-en-el-extranjero\/#primaryimage"},"thumbnailUrl":"https:\/\/gestionesdika.es\/wp-content\/uploads\/2024\/08\/titulo-universitario.png","datePublished":"2024-08-22T08:17:23+00:00","dateModified":"2025-10-21T16:53:21+00:00","breadcrumb":{"@id":"https:\/\/gestionesdika.es\/producto\/guia-completa-para-la-homologacion-de-titulos-en-el-extranjero\/#breadcrumb"},"inLanguage":"en-US","potentialAction":[{"@type":"ReadAction","target":["https:\/\/gestionesdika.es\/producto\/guia-completa-para-la-homologacion-de-titulos-en-el-extranjero\/"]}]},{"@type":"ImageObject","inLanguage":"en-US","@id":"https:\/\/gestionesdika.es\/producto\/guia-completa-para-la-homologacion-de-titulos-en-el-extranjero\/#primaryimage","url":"https:\/\/gestionesdika.es\/wp-content\/uploads\/2024\/08\/titulo-universitario.png","contentUrl":"https:\/\/gestionesdika.es\/wp-content\/uploads\/2024\/08\/titulo-universitario.png","width":513,"height":360,"caption":"GU\u00cdA COMPLETA PARA LA HOMOLOGACI\u00d3N DE T\u00cdTULOS EN EL EXTRANJERO"},{"@type":"BreadcrumbList","@id":"https:\/\/gestionesdika.es\/producto\/guia-completa-para-la-homologacion-de-titulos-en-el-extranjero\/#breadcrumb","itemListElement":[{"@type":"ListItem","position":1,"name":"Portada","item":"https:\/\/gestionesdika.es\/"},{"@type":"ListItem","position":2,"name":"Tienda","item":"https:\/\/gestionesdika.es\/tienda\/"},{"@type":"ListItem","position":3,"name":"GU\u00cdA COMPLETA PARA LA HOMOLOGACI\u00d3N DE T\u00cdTULOS EN EL EXTRANJERO"}]},{"@type":"WebSite","@id":"https:\/\/gestionesdika.es\/#website","url":"https:\/\/gestionesdika.es\/","name":"Gestiones Dika","description":"Asesor\u00eda Social y Jur\u00eddica para Migrar a Espa\u00f1a","publisher":{"@id":"https:\/\/gestionesdika.es\/#organization"},"potentialAction":[{"@type":"SearchAction","target":{"@type":"EntryPoint","urlTemplate":"https:\/\/gestionesdika.es\/?s={search_term_string}"},"query-input":{"@type":"PropertyValueSpecification","valueRequired":true,"valueName":"search_term_string"}}],"inLanguage":"en-US"},{"@type":"Organization","@id":"https:\/\/gestionesdika.es\/#organization","name":"Gestiones dika","url":"https:\/\/gestionesdika.es\/","logo":{"@type":"ImageObject","inLanguage":"en-US","@id":"https:\/\/gestionesdika.es\/#\/schema\/logo\/image\/","url":"https:\/\/gestionesdika.es\/wp-content\/uploads\/2022\/10\/cropped-LOGO_DIKA__OK.jpg","contentUrl":"https:\/\/gestionesdika.es\/wp-content\/uploads\/2022\/10\/cropped-LOGO_DIKA__OK.jpg","width":1500,"height":1006,"caption":"Gestiones dika"},"image":{"@id":"https:\/\/gestionesdika.es\/#\/schema\/logo\/image\/"},"sameAs":["https:\/\/www.facebook.com\/search\/top?q=gestiones dika","https:\/\/www.instagram.com\/gestiones.dika\/"]}]}},"_links":{"self":[{"href":"https:\/\/gestionesdika.es\/en\/wp-json\/wp\/v2\/product\/1782"}],"collection":[{"href":"https:\/\/gestionesdika.es\/en\/wp-json\/wp\/v2\/product"}],"about":[{"href":"https:\/\/gestionesdika.es\/en\/wp-json\/wp\/v2\/types\/product"}],"replies":[{"embeddable":true,"href":"https:\/\/gestionesdika.es\/en\/wp-json\/wp\/v2\/comments?post=1782"}],"wp:featuredmedia":[{"embeddable":true,"href":"https:\/\/gestionesdika.es\/en\/wp-json\/wp\/v2\/media\/1783"}],"wp:attachment":[{"href":"https:\/\/gestionesdika.es\/en\/wp-json\/wp\/v2\/media?parent=1782"}],"wp:term":[{"taxonomy":"product_cat","embeddable":true,"href":"https:\/\/gestionesdika.es\/en\/wp-json\/wp\/v2\/product_cat?post=1782"},{"taxonomy":"product_tag","embeddable":true,"href":"https:\/\/gestionesdika.es\/en\/wp-json\/wp\/v2\/product_tag?post=1782"}],"curies":[{"name":"wp","href":"https:\/\/api.w.org\/{rel}","templated":true}]}}